{"id":3689046,"date":"2025-10-13T13:36:54","date_gmt":"2025-10-13T17:36:54","guid":{"rendered":"https:\/\/stoic-curie.212-227-153-4.plesk.page\/product\/malo-silo-za-konope-175cm-od-nehrdajuceg-celika\/"},"modified":"2026-02-25T00:00:51","modified_gmt":"2026-02-25T00:00:51","slug":"malo-silo-za-konope-175cm-od-nehrdajuceg-celika","status":"publish","type":"product","link":"https:\/\/stoic-curie.212-227-153-4.plesk.page\/hr\/product\/malo-silo-za-konope-175cm-od-nehrdajuceg-celika\/","title":{"rendered":"Malo \u0161ilo za konope 17,5cm od nehr\u0111aju\u0107eg \u010delika"},"content":{"rendered":"<p>Malo \u0161ilo za konope 17,5cm od nehr\u0111aju\u0107eg \u010delika &#8211; <\/p>\n<p>Nehr\u0111aju\u0107i \u010deli\u010dni \u0161uplji fidi s drvenom dr\u0161kom koji se koristi za nje\u017eno otvaranje niti linija.<\/p>\n","protected":false},"excerpt":{"rendered":"<p>Malo \u0161ilo za konope 17,5cm od nehr\u0111aju\u0107eg \u010delika &#8211; Nehr\u0111aju\u0107i \u010deli\u010dni \u0161uplji fidi s drvenom dr\u0161kom koji se koristi za<\/p>\n","protected":false},"featured_media":5940813,"comment_status":"closed","ping_status":"closed","template":"","meta":[],"product_brand":[3081],"product_cat":[1613,1856],"product_tag":[],"class_list":{"0":"post-3689046","1":"product","2":"type-product","3":"status-publish","4":"has-post-thumbnail","6":"product_brand-macs-hr","7":"product_cat-alati-za-rezanje","8":"product_cat-jedrilicarski-nozevi-i-alati","10":"first","11":"instock","12":"shipping-taxable","13":"purchasable","14":"product-type-simple"},"_links":{"self":[{"href":"https:\/\/stoic-curie.212-227-153-4.plesk.page\/hr\/wp-json\/wp\/v2\/product\/3689046","targetHints":{"allow":["GET"]}}],"collection":[{"href":"https:\/\/stoic-curie.212-227-153-4.plesk.page\/hr\/wp-json\/wp\/v2\/product"}],"about":[{"href":"https:\/\/stoic-curie.212-227-153-4.plesk.page\/hr\/wp-json\/wp\/v2\/types\/product"}],"replies":[{"embeddable":true,"href":"https:\/\/stoic-curie.212-227-153-4.plesk.page\/hr\/wp-json\/wp\/v2\/comments?post=3689046"}],"version-history":[{"count":0,"href":"https:\/\/stoic-curie.212-227-153-4.plesk.page\/hr\/wp-json\/wp\/v2\/product\/3689046\/revisions"}],"wp:featuredmedia":[{"embeddable":true,"href":"https:\/\/stoic-curie.212-227-153-4.plesk.page\/hr\/wp-json\/wp\/v2\/media\/5940813"}],"wp:attachment":[{"href":"https:\/\/stoic-curie.212-227-153-4.plesk.page\/hr\/wp-json\/wp\/v2\/media?parent=3689046"}],"wp:term":[{"taxonomy":"product_brand","embeddable":true,"href":"https:\/\/stoic-curie.212-227-153-4.plesk.page\/hr\/wp-json\/wp\/v2\/product_brand?post=3689046"},{"taxonomy":"product_cat","embeddable":true,"href":"https:\/\/stoic-curie.212-227-153-4.plesk.page\/hr\/wp-json\/wp\/v2\/product_cat?post=3689046"},{"taxonomy":"product_tag","embeddable":true,"href":"https:\/\/stoic-curie.212-227-153-4.plesk.page\/hr\/wp-json\/wp\/v2\/product_tag?post=3689046"}],"curies":[{"name":"wp","href":"https:\/\/api.w.org\/{rel}","templated":true}]}}