{"id":3689055,"date":"2025-10-13T13:36:56","date_gmt":"2025-10-13T17:36:56","guid":{"rendered":"https:\/\/stoic-curie.212-227-153-4.plesk.page\/product\/led-navigacijska-svjetiljka-od-nehrdajuceg-celika-krma-130-x-85-mm\/"},"modified":"2026-02-25T00:00:51","modified_gmt":"2026-02-25T00:00:51","slug":"led-navigacijska-svjetiljka-od-nehrdajuceg-celika-krma-130-x-85-mm","status":"publish","type":"product","link":"https:\/\/stoic-curie.212-227-153-4.plesk.page\/hr\/product\/led-navigacijska-svjetiljka-od-nehrdajuceg-celika-krma-130-x-85-mm\/","title":{"rendered":"LED navigacijska svjetiljka od nehr\u0111aju\u0107eg \u010delika (krma) 130 x 85 mm"},"content":{"rendered":"<p>LED navigacijska svjetiljka od nehr\u0111aju\u0107eg \u010delika (krma) 130 x 85 mm &#8211; <\/p>\n<p>LED CE certificirana 12V navigacijska svjetlost od nehr\u0111aju\u0107eg \u010delika. Dimenzije: 130 x 85 mm.<\/p>\n","protected":false},"excerpt":{"rendered":"<p>LED navigacijska svjetiljka od nehr\u0111aju\u0107eg \u010delika (krma) 130 x 85 mm &#8211; LED CE certificirana 12V navigacijska svjetlost od nehr\u0111aju\u0107eg<\/p>\n","protected":false},"featured_media":5940826,"comment_status":"closed","ping_status":"closed","template":"","meta":[],"product_brand":[3491],"product_cat":[1736],"product_tag":[],"class_list":{"0":"post-3689055","1":"product","2":"type-product","3":"status-publish","4":"has-post-thumbnail","6":"product_brand-trem-hr","7":"product_cat-led-navigacijska-svjetla","9":"first","10":"instock","11":"shipping-taxable","12":"purchasable","13":"product-type-simple"},"_links":{"self":[{"href":"https:\/\/stoic-curie.212-227-153-4.plesk.page\/hr\/wp-json\/wp\/v2\/product\/3689055","targetHints":{"allow":["GET"]}}],"collection":[{"href":"https:\/\/stoic-curie.212-227-153-4.plesk.page\/hr\/wp-json\/wp\/v2\/product"}],"about":[{"href":"https:\/\/stoic-curie.212-227-153-4.plesk.page\/hr\/wp-json\/wp\/v2\/types\/product"}],"replies":[{"embeddable":true,"href":"https:\/\/stoic-curie.212-227-153-4.plesk.page\/hr\/wp-json\/wp\/v2\/comments?post=3689055"}],"version-history":[{"count":0,"href":"https:\/\/stoic-curie.212-227-153-4.plesk.page\/hr\/wp-json\/wp\/v2\/product\/3689055\/revisions"}],"wp:featuredmedia":[{"embeddable":true,"href":"https:\/\/stoic-curie.212-227-153-4.plesk.page\/hr\/wp-json\/wp\/v2\/media\/5940826"}],"wp:attachment":[{"href":"https:\/\/stoic-curie.212-227-153-4.plesk.page\/hr\/wp-json\/wp\/v2\/media?parent=3689055"}],"wp:term":[{"taxonomy":"product_brand","embeddable":true,"href":"https:\/\/stoic-curie.212-227-153-4.plesk.page\/hr\/wp-json\/wp\/v2\/product_brand?post=3689055"},{"taxonomy":"product_cat","embeddable":true,"href":"https:\/\/stoic-curie.212-227-153-4.plesk.page\/hr\/wp-json\/wp\/v2\/product_cat?post=3689055"},{"taxonomy":"product_tag","embeddable":true,"href":"https:\/\/stoic-curie.212-227-153-4.plesk.page\/hr\/wp-json\/wp\/v2\/product_tag?post=3689055"}],"curies":[{"name":"wp","href":"https:\/\/api.w.org\/{rel}","templated":true}]}}