{"id":3689063,"date":"2025-10-13T13:36:57","date_gmt":"2025-10-13T17:36:57","guid":{"rendered":"https:\/\/stoic-curie.212-227-153-4.plesk.page\/product\/star-brite-boat-detredzent-vosak-1lt\/"},"modified":"2026-02-25T00:00:51","modified_gmt":"2026-02-25T00:00:51","slug":"star-brite-boat-detredzent-vosak-1lt","status":"publish","type":"product","link":"https:\/\/stoic-curie.212-227-153-4.plesk.page\/hr\/product\/star-brite-boat-detredzent-vosak-1lt\/","title":{"rendered":"Star Brite Boat detred\u017eent &#038; vosak 1lt"},"content":{"rendered":"<p>Star Brite Boat detred\u017eent &#038; vosak 1lt &#8211; <\/p>\n<p>\u2022 \u010cistite i \u0161titite, \u0161tede\u0107i vrijeme i novac<br \/>\u2022 Koncentrirana formula za brzo \u010di\u0161\u0107enje svih povr\u0161ina bez \u0161tete za okoli\u0161<br \/>\u2022 Koncentrirana formula omogu\u0107ava kori\u0161tenje male koli\u010dine proizvoda &#8211; 3 \u010depova su dovoljna za 7-metarski \u010damac<br \/>\u2022 Niska sadr\u017eaj sapuna sprje\u010dava rasipanje vode, ne sadr\u017ei fosfate<br \/>\u2022 Ekolo\u0161ki prihvatljivo zahvaljuju\u0107i 100% biorazgradivoj formuli<\/p>\n","protected":false},"excerpt":{"rendered":"<p>Star Brite Boat detred\u017eent &#038; vosak 1lt &#8211; \u2022 \u010cistite i \u0161titite, \u0161tede\u0107i vrijeme i novac\u2022 Koncentrirana formula za brzo<\/p>\n","protected":false},"featured_media":5940855,"comment_status":"closed","ping_status":"closed","template":"","meta":[],"product_brand":[3436],"product_cat":[1628],"product_tag":[],"class_list":{"0":"post-3689063","1":"product","2":"type-product","3":"status-publish","4":"has-post-thumbnail","6":"product_brand-starbrite-hr","7":"product_cat-proizvodi-za-ciscenje","9":"first","10":"instock","11":"shipping-taxable","12":"purchasable","13":"product-type-simple"},"_links":{"self":[{"href":"https:\/\/stoic-curie.212-227-153-4.plesk.page\/hr\/wp-json\/wp\/v2\/product\/3689063","targetHints":{"allow":["GET"]}}],"collection":[{"href":"https:\/\/stoic-curie.212-227-153-4.plesk.page\/hr\/wp-json\/wp\/v2\/product"}],"about":[{"href":"https:\/\/stoic-curie.212-227-153-4.plesk.page\/hr\/wp-json\/wp\/v2\/types\/product"}],"replies":[{"embeddable":true,"href":"https:\/\/stoic-curie.212-227-153-4.plesk.page\/hr\/wp-json\/wp\/v2\/comments?post=3689063"}],"version-history":[{"count":0,"href":"https:\/\/stoic-curie.212-227-153-4.plesk.page\/hr\/wp-json\/wp\/v2\/product\/3689063\/revisions"}],"wp:featuredmedia":[{"embeddable":true,"href":"https:\/\/stoic-curie.212-227-153-4.plesk.page\/hr\/wp-json\/wp\/v2\/media\/5940855"}],"wp:attachment":[{"href":"https:\/\/stoic-curie.212-227-153-4.plesk.page\/hr\/wp-json\/wp\/v2\/media?parent=3689063"}],"wp:term":[{"taxonomy":"product_brand","embeddable":true,"href":"https:\/\/stoic-curie.212-227-153-4.plesk.page\/hr\/wp-json\/wp\/v2\/product_brand?post=3689063"},{"taxonomy":"product_cat","embeddable":true,"href":"https:\/\/stoic-curie.212-227-153-4.plesk.page\/hr\/wp-json\/wp\/v2\/product_cat?post=3689063"},{"taxonomy":"product_tag","embeddable":true,"href":"https:\/\/stoic-curie.212-227-153-4.plesk.page\/hr\/wp-json\/wp\/v2\/product_tag?post=3689063"}],"curies":[{"name":"wp","href":"https:\/\/api.w.org\/{rel}","templated":true}]}}