{"id":3689079,"date":"2025-10-13T13:36:59","date_gmt":"2025-10-13T17:36:59","guid":{"rendered":"https:\/\/stoic-curie.212-227-153-4.plesk.page\/product\/adapter-za-rucke-shurhold-za-star-brite-cetke\/"},"modified":"2026-02-25T00:00:52","modified_gmt":"2026-02-25T00:00:52","slug":"adapter-za-rucke-shurhold-za-star-brite-cetke","status":"publish","type":"product","link":"https:\/\/stoic-curie.212-227-153-4.plesk.page\/hr\/product\/adapter-za-rucke-shurhold-za-star-brite-cetke\/","title":{"rendered":"Adapter za ru\u010dke Shurhold za Star Brite \u010detke"},"content":{"rendered":"<p>Adapter za ru\u010dke Shurhold za Star Brite \u010detke &#8211; <\/p>\n<p>Adapter 5709098 za montiranje dodataka (\u010detke itd.) Shurhold na Star Brite ru\u010dkama. Adapter 5709099 za montiranje dodataka (\u010detke itd.) Star Brite na Shurhold ru\u010dkama. Izra\u0111eno od anodiziranog aluminija.<\/p>\n","protected":false},"excerpt":{"rendered":"<p>Adapter za ru\u010dke Shurhold za Star Brite \u010detke &#8211; Adapter 5709098 za montiranje dodataka (\u010detke itd.) Shurhold na Star Brite<\/p>\n","protected":false},"featured_media":5940890,"comment_status":"closed","ping_status":"closed","template":"","meta":[],"product_brand":[3436],"product_cat":[1633],"product_tag":[],"class_list":{"0":"post-3689079","1":"product","2":"type-product","3":"status-publish","4":"has-post-thumbnail","6":"product_brand-starbrite-hr","7":"product_cat-cetke-za-ciscenje","9":"first","10":"instock","11":"shipping-taxable","12":"purchasable","13":"product-type-simple"},"_links":{"self":[{"href":"https:\/\/stoic-curie.212-227-153-4.plesk.page\/hr\/wp-json\/wp\/v2\/product\/3689079","targetHints":{"allow":["GET"]}}],"collection":[{"href":"https:\/\/stoic-curie.212-227-153-4.plesk.page\/hr\/wp-json\/wp\/v2\/product"}],"about":[{"href":"https:\/\/stoic-curie.212-227-153-4.plesk.page\/hr\/wp-json\/wp\/v2\/types\/product"}],"replies":[{"embeddable":true,"href":"https:\/\/stoic-curie.212-227-153-4.plesk.page\/hr\/wp-json\/wp\/v2\/comments?post=3689079"}],"version-history":[{"count":0,"href":"https:\/\/stoic-curie.212-227-153-4.plesk.page\/hr\/wp-json\/wp\/v2\/product\/3689079\/revisions"}],"wp:featuredmedia":[{"embeddable":true,"href":"https:\/\/stoic-curie.212-227-153-4.plesk.page\/hr\/wp-json\/wp\/v2\/media\/5940890"}],"wp:attachment":[{"href":"https:\/\/stoic-curie.212-227-153-4.plesk.page\/hr\/wp-json\/wp\/v2\/media?parent=3689079"}],"wp:term":[{"taxonomy":"product_brand","embeddable":true,"href":"https:\/\/stoic-curie.212-227-153-4.plesk.page\/hr\/wp-json\/wp\/v2\/product_brand?post=3689079"},{"taxonomy":"product_cat","embeddable":true,"href":"https:\/\/stoic-curie.212-227-153-4.plesk.page\/hr\/wp-json\/wp\/v2\/product_cat?post=3689079"},{"taxonomy":"product_tag","embeddable":true,"href":"https:\/\/stoic-curie.212-227-153-4.plesk.page\/hr\/wp-json\/wp\/v2\/product_tag?post=3689079"}],"curies":[{"name":"wp","href":"https:\/\/api.w.org\/{rel}","templated":true}]}}