{"id":3689082,"date":"2025-10-13T13:37:00","date_gmt":"2025-10-13T17:37:00","guid":{"rendered":"https:\/\/stoic-curie.212-227-153-4.plesk.page\/product\/kvacice-za-odjecu-dizajnirane-za-uporabu-na-brodovima-12pz\/"},"modified":"2026-02-25T00:00:52","modified_gmt":"2026-02-25T00:00:52","slug":"kvacice-za-odjecu-dizajnirane-za-uporabu-na-brodovima-12pz","status":"publish","type":"product","link":"https:\/\/stoic-curie.212-227-153-4.plesk.page\/hr\/product\/kvacice-za-odjecu-dizajnirane-za-uporabu-na-brodovima-12pz\/","title":{"rendered":"Kva\u010dice za odje\u0107u dizajnirane za uporabu na brodovima (12pz)"},"content":{"rendered":"<p>Kva\u010dice za odje\u0107u dizajnirane za uporabu na brodovima (12pz) &#8211; <\/p>\n<p>\u0160tipaljke za odje\u0107u dizajnirane za upotrebu na \u010damcima, napravljene od materijala otpornih na sunce i sol. Od nehr\u0111aju\u0107eg \u010delika, tijelo od UV otpornog najlona. Mogu se koristiti na ogradama promjera od 22 do 26 mm i za u\u017ee promjera od 5 do 7 mm. Ne ostavljaju tragove na odje\u0107i. Pakiranje od 12 komada.<\/p>\n","protected":false},"excerpt":{"rendered":"<p>Kva\u010dice za odje\u0107u dizajnirane za uporabu na brodovima (12pz) &#8211; \u0160tipaljke za odje\u0107u dizajnirane za upotrebu na \u010damcima, napravljene od<\/p>\n","protected":false},"featured_media":5940897,"comment_status":"closed","ping_status":"closed","template":"","meta":[],"product_brand":[3111],"product_cat":[1644],"product_tag":[],"class_list":{"0":"post-3689082","1":"product","2":"type-product","3":"status-publish","4":"has-post-thumbnail","6":"product_brand-marine-business-mb-hr","7":"product_cat-pribor-za-spremista","9":"first","10":"instock","11":"shipping-taxable","12":"purchasable","13":"product-type-simple"},"_links":{"self":[{"href":"https:\/\/stoic-curie.212-227-153-4.plesk.page\/hr\/wp-json\/wp\/v2\/product\/3689082","targetHints":{"allow":["GET"]}}],"collection":[{"href":"https:\/\/stoic-curie.212-227-153-4.plesk.page\/hr\/wp-json\/wp\/v2\/product"}],"about":[{"href":"https:\/\/stoic-curie.212-227-153-4.plesk.page\/hr\/wp-json\/wp\/v2\/types\/product"}],"replies":[{"embeddable":true,"href":"https:\/\/stoic-curie.212-227-153-4.plesk.page\/hr\/wp-json\/wp\/v2\/comments?post=3689082"}],"version-history":[{"count":0,"href":"https:\/\/stoic-curie.212-227-153-4.plesk.page\/hr\/wp-json\/wp\/v2\/product\/3689082\/revisions"}],"wp:featuredmedia":[{"embeddable":true,"href":"https:\/\/stoic-curie.212-227-153-4.plesk.page\/hr\/wp-json\/wp\/v2\/media\/5940897"}],"wp:attachment":[{"href":"https:\/\/stoic-curie.212-227-153-4.plesk.page\/hr\/wp-json\/wp\/v2\/media?parent=3689082"}],"wp:term":[{"taxonomy":"product_brand","embeddable":true,"href":"https:\/\/stoic-curie.212-227-153-4.plesk.page\/hr\/wp-json\/wp\/v2\/product_brand?post=3689082"},{"taxonomy":"product_cat","embeddable":true,"href":"https:\/\/stoic-curie.212-227-153-4.plesk.page\/hr\/wp-json\/wp\/v2\/product_cat?post=3689082"},{"taxonomy":"product_tag","embeddable":true,"href":"https:\/\/stoic-curie.212-227-153-4.plesk.page\/hr\/wp-json\/wp\/v2\/product_tag?post=3689082"}],"curies":[{"name":"wp","href":"https:\/\/api.w.org\/{rel}","templated":true}]}}