{"id":3689083,"date":"2025-10-13T13:37:00","date_gmt":"2025-10-13T17:37:00","guid":{"rendered":"https:\/\/stoic-curie.212-227-153-4.plesk.page\/product\/navlaka-za-vitlo-mekana-h18-x-17cm-navy-blue\/"},"modified":"2026-02-25T00:00:52","modified_gmt":"2026-02-25T00:00:52","slug":"navlaka-za-vitlo-mekana-h18-x-17cm-navy-blue","status":"publish","type":"product","link":"https:\/\/stoic-curie.212-227-153-4.plesk.page\/hr\/product\/navlaka-za-vitlo-mekana-h18-x-17cm-navy-blue\/","title":{"rendered":"Navlaka za vitlo ,mekana H18 x 17cm &#8211; navy blue"},"content":{"rendered":"<p>Navlaka za vitlo ,mekana H18 x 17cm &#8211; navy blue &#8211; <\/p>\n<p>Kvalitetne pokriva\u010de za vitla od fleeciranog i mekog akrilnog platna. Otporne na UV zrake i slanu vodu. Boje i zna\u010dajke ostaju nepromijenjene. \u0160titi vitlo omogu\u0107uju\u0107i mu da di\u0161e bez stvaranja kondenzacije.<\/p>\n","protected":false},"excerpt":{"rendered":"<p>Navlaka za vitlo ,mekana H18 x 17cm &#8211; navy blue &#8211; Kvalitetne pokriva\u010de za vitla od fleeciranog i mekog akrilnog<\/p>\n","protected":false},"featured_media":5940901,"comment_status":"closed","ping_status":"closed","template":"","meta":[],"product_brand":[2936],"product_cat":[1773,1766],"product_tag":[],"class_list":{"0":"post-3689083","1":"product","2":"type-product","3":"status-publish","4":"has-post-thumbnail","6":"product_brand-fendress-hr","7":"product_cat-antal-vincevi-za-jedrilice","8":"product_cat-navlake-i-stitnici-za-jedrilice","10":"first","11":"instock","12":"shipping-taxable","13":"purchasable","14":"product-type-simple"},"_links":{"self":[{"href":"https:\/\/stoic-curie.212-227-153-4.plesk.page\/hr\/wp-json\/wp\/v2\/product\/3689083","targetHints":{"allow":["GET"]}}],"collection":[{"href":"https:\/\/stoic-curie.212-227-153-4.plesk.page\/hr\/wp-json\/wp\/v2\/product"}],"about":[{"href":"https:\/\/stoic-curie.212-227-153-4.plesk.page\/hr\/wp-json\/wp\/v2\/types\/product"}],"replies":[{"embeddable":true,"href":"https:\/\/stoic-curie.212-227-153-4.plesk.page\/hr\/wp-json\/wp\/v2\/comments?post=3689083"}],"version-history":[{"count":0,"href":"https:\/\/stoic-curie.212-227-153-4.plesk.page\/hr\/wp-json\/wp\/v2\/product\/3689083\/revisions"}],"wp:featuredmedia":[{"embeddable":true,"href":"https:\/\/stoic-curie.212-227-153-4.plesk.page\/hr\/wp-json\/wp\/v2\/media\/5940901"}],"wp:attachment":[{"href":"https:\/\/stoic-curie.212-227-153-4.plesk.page\/hr\/wp-json\/wp\/v2\/media?parent=3689083"}],"wp:term":[{"taxonomy":"product_brand","embeddable":true,"href":"https:\/\/stoic-curie.212-227-153-4.plesk.page\/hr\/wp-json\/wp\/v2\/product_brand?post=3689083"},{"taxonomy":"product_cat","embeddable":true,"href":"https:\/\/stoic-curie.212-227-153-4.plesk.page\/hr\/wp-json\/wp\/v2\/product_cat?post=3689083"},{"taxonomy":"product_tag","embeddable":true,"href":"https:\/\/stoic-curie.212-227-153-4.plesk.page\/hr\/wp-json\/wp\/v2\/product_tag?post=3689083"}],"curies":[{"name":"wp","href":"https:\/\/api.w.org\/{rel}","templated":true}]}}