{"id":3689085,"date":"2025-10-13T13:37:00","date_gmt":"2025-10-13T17:37:00","guid":{"rendered":"https:\/\/stoic-curie.212-227-153-4.plesk.page\/product\/fendress-navlaka-za-vanbrodski-motor-plava-40-x-20-x-25-cm\/"},"modified":"2026-02-25T00:00:52","modified_gmt":"2026-02-25T00:00:52","slug":"fendress-navlaka-za-vanbrodski-motor-plava-40-x-20-x-25-cm","status":"publish","type":"product","link":"https:\/\/stoic-curie.212-227-153-4.plesk.page\/hr\/product\/fendress-navlaka-za-vanbrodski-motor-plava-40-x-20-x-25-cm\/","title":{"rendered":"Fendress navlaka za vanbrodski motor, plava 40 x 20 x 25 cm"},"content":{"rendered":"<p>Fendress navlaka za vanbrodski motor, plava 40 x 20 x 25 cm &#8211; <\/p>\n<p>Premium kvaliteta navlake za vanbrodske motore, napravljene od istog materijala koji se koristi za mekane i \u010dvrste Fendress navlake za fendere. \u0160titi od habanja, vremenskih uvjeta, udaraca, ogrebotina, UV zraka, a mo\u017ee se \u010dak ostaviti na vanbrodskom motoru tijekom plovidbe. Fenboard navlake izra\u0111ene su od prozra\u010dnog materijala (ne stvaraju kondenzaciju) i ne blijede. Perive u perilici i brzo se su\u0161e. S Fenboard navlakom va\u0161 vanbrodski motor \u0107e du\u017ee ostati kao nov.<\/p>\n","protected":false},"excerpt":{"rendered":"<p>Fendress navlaka za vanbrodski motor, plava 40 x 20 x 25 cm &#8211; Premium kvaliteta navlake za vanbrodske motore, napravljene<\/p>\n","protected":false},"featured_media":5940904,"comment_status":"closed","ping_status":"closed","template":"","meta":[],"product_brand":[2936],"product_cat":[1683,1827],"product_tag":[],"class_list":{"0":"post-3689085","1":"product","2":"type-product","3":"status-publish","4":"has-post-thumbnail","6":"product_brand-fendress-hr","7":"product_cat-cerade","8":"product_cat-dodatna-oprema-za-vanbrodske-motore","10":"first","11":"instock","12":"shipping-taxable","13":"purchasable","14":"product-type-simple"},"_links":{"self":[{"href":"https:\/\/stoic-curie.212-227-153-4.plesk.page\/hr\/wp-json\/wp\/v2\/product\/3689085","targetHints":{"allow":["GET"]}}],"collection":[{"href":"https:\/\/stoic-curie.212-227-153-4.plesk.page\/hr\/wp-json\/wp\/v2\/product"}],"about":[{"href":"https:\/\/stoic-curie.212-227-153-4.plesk.page\/hr\/wp-json\/wp\/v2\/types\/product"}],"replies":[{"embeddable":true,"href":"https:\/\/stoic-curie.212-227-153-4.plesk.page\/hr\/wp-json\/wp\/v2\/comments?post=3689085"}],"version-history":[{"count":0,"href":"https:\/\/stoic-curie.212-227-153-4.plesk.page\/hr\/wp-json\/wp\/v2\/product\/3689085\/revisions"}],"wp:featuredmedia":[{"embeddable":true,"href":"https:\/\/stoic-curie.212-227-153-4.plesk.page\/hr\/wp-json\/wp\/v2\/media\/5940904"}],"wp:attachment":[{"href":"https:\/\/stoic-curie.212-227-153-4.plesk.page\/hr\/wp-json\/wp\/v2\/media?parent=3689085"}],"wp:term":[{"taxonomy":"product_brand","embeddable":true,"href":"https:\/\/stoic-curie.212-227-153-4.plesk.page\/hr\/wp-json\/wp\/v2\/product_brand?post=3689085"},{"taxonomy":"product_cat","embeddable":true,"href":"https:\/\/stoic-curie.212-227-153-4.plesk.page\/hr\/wp-json\/wp\/v2\/product_cat?post=3689085"},{"taxonomy":"product_tag","embeddable":true,"href":"https:\/\/stoic-curie.212-227-153-4.plesk.page\/hr\/wp-json\/wp\/v2\/product_tag?post=3689085"}],"curies":[{"name":"wp","href":"https:\/\/api.w.org\/{rel}","templated":true}]}}