{"id":3689109,"date":"2025-10-13T13:37:03","date_gmt":"2025-10-13T17:37:03","guid":{"rendered":"https:\/\/stoic-curie.212-227-153-4.plesk.page\/product\/fendress-navlake-za-vanbrodske-motore-siva-40-x-20-x-25-cm\/"},"modified":"2026-02-25T00:00:52","modified_gmt":"2026-02-25T00:00:52","slug":"fendress-navlake-za-vanbrodske-motore-siva-40-x-20-x-25-cm","status":"publish","type":"product","link":"https:\/\/stoic-curie.212-227-153-4.plesk.page\/hr\/product\/fendress-navlake-za-vanbrodske-motore-siva-40-x-20-x-25-cm\/","title":{"rendered":"Fendress navlake za vanbrodske motore, siva, 40 x 20 x 25 cm"},"content":{"rendered":"<p>Fendress navlake za vanbrodske motore, siva, 40 x 20 x 25 cm &#8211; <\/p>\n<p>Premijerne kvalitete pokriva\u010da za vanbrodske motore, izra\u0111eni od istog materijala koji se koristi za meke i \u010dvrste Fendress pokriva\u010de za fendere. \u0160titi od tro\u0161enja, vremenskih uvjeta, udaraca, ogrebotina, UV zraka i mo\u017ee se \u010dak ostaviti na vanbrodskom motoru dok plovite. Fenboard pokriva\u010di izra\u0111eni su od prozra\u010dnog materijala (ne stvaraju kondenzaciju) i ne blijede. Mogu se prati u perilici i brzo se su\u0161e. S Fendboard pokriva\u010dem, va\u0161 vanbrodski motor \u0107e dulje ostati kao nov.<\/p>\n","protected":false},"excerpt":{"rendered":"<p>Fendress navlake za vanbrodske motore, siva, 40 x 20 x 25 cm &#8211; Premijerne kvalitete pokriva\u010da za vanbrodske motore, izra\u0111eni<\/p>\n","protected":false},"featured_media":5940904,"comment_status":"closed","ping_status":"closed","template":"","meta":[],"product_brand":[2936],"product_cat":[1683,1827],"product_tag":[],"class_list":{"0":"post-3689109","1":"product","2":"type-product","3":"status-publish","4":"has-post-thumbnail","6":"product_brand-fendress-hr","7":"product_cat-cerade","8":"product_cat-dodatna-oprema-za-vanbrodske-motore","10":"first","11":"instock","12":"shipping-taxable","13":"purchasable","14":"product-type-simple"},"_links":{"self":[{"href":"https:\/\/stoic-curie.212-227-153-4.plesk.page\/hr\/wp-json\/wp\/v2\/product\/3689109","targetHints":{"allow":["GET"]}}],"collection":[{"href":"https:\/\/stoic-curie.212-227-153-4.plesk.page\/hr\/wp-json\/wp\/v2\/product"}],"about":[{"href":"https:\/\/stoic-curie.212-227-153-4.plesk.page\/hr\/wp-json\/wp\/v2\/types\/product"}],"replies":[{"embeddable":true,"href":"https:\/\/stoic-curie.212-227-153-4.plesk.page\/hr\/wp-json\/wp\/v2\/comments?post=3689109"}],"version-history":[{"count":0,"href":"https:\/\/stoic-curie.212-227-153-4.plesk.page\/hr\/wp-json\/wp\/v2\/product\/3689109\/revisions"}],"wp:featuredmedia":[{"embeddable":true,"href":"https:\/\/stoic-curie.212-227-153-4.plesk.page\/hr\/wp-json\/wp\/v2\/media\/5940904"}],"wp:attachment":[{"href":"https:\/\/stoic-curie.212-227-153-4.plesk.page\/hr\/wp-json\/wp\/v2\/media?parent=3689109"}],"wp:term":[{"taxonomy":"product_brand","embeddable":true,"href":"https:\/\/stoic-curie.212-227-153-4.plesk.page\/hr\/wp-json\/wp\/v2\/product_brand?post=3689109"},{"taxonomy":"product_cat","embeddable":true,"href":"https:\/\/stoic-curie.212-227-153-4.plesk.page\/hr\/wp-json\/wp\/v2\/product_cat?post=3689109"},{"taxonomy":"product_tag","embeddable":true,"href":"https:\/\/stoic-curie.212-227-153-4.plesk.page\/hr\/wp-json\/wp\/v2\/product_tag?post=3689109"}],"curies":[{"name":"wp","href":"https:\/\/api.w.org\/{rel}","templated":true}]}}