{"id":3689110,"date":"2025-10-13T13:37:03","date_gmt":"2025-10-13T17:37:03","guid":{"rendered":"https:\/\/stoic-curie.212-227-153-4.plesk.page\/product\/fendress-navlake-za-vanbrodske-motore-kraljevsko-plava-40-x-20-x-25-cm\/"},"modified":"2026-02-25T00:00:52","modified_gmt":"2026-02-25T00:00:52","slug":"fendress-navlake-za-vanbrodske-motore-kraljevsko-plava-40-x-20-x-25-cm","status":"publish","type":"product","link":"https:\/\/stoic-curie.212-227-153-4.plesk.page\/hr\/product\/fendress-navlake-za-vanbrodske-motore-kraljevsko-plava-40-x-20-x-25-cm\/","title":{"rendered":"Fendress navlake za vanbrodske motore, kraljevsko plava, 40 x 20 x 25 cm"},"content":{"rendered":"<p>Fendress navlake za vanbrodske motore, kraljevsko plava, 40 x 20 x 25 cm &#8211; <\/p>\n<p>Premium kvaliteta pokriva\u010da za vanbrodske motore, izra\u0111ena od iste tkanine koja se koristi za mekane i \u010dvrste Fendress pokriva\u010de. \u0161titi od habanja, vremenskih utjecaja, udaraca, ogrebotina, UV zraka i mo\u017ee se \u010dak ostaviti na vanbrodskom motoru dok plovite. Fenboard pokriva\u010di izra\u0111eni su od prozra\u010dne tkanine (ne uzrokuju kondenzaciju) i ne\u0107e izblijediti. Perivo u perilici i brzo su\u0161enje. S Fendboard pokriva\u010dem va\u0161 vanbrodski motor \u0107e du\u017ee ostati kao nov.<\/p>\n","protected":false},"excerpt":{"rendered":"<p>Fendress navlake za vanbrodske motore, kraljevsko plava, 40 x 20 x 25 cm &#8211; Premium kvaliteta pokriva\u010da za vanbrodske motore,<\/p>\n","protected":false},"featured_media":5940904,"comment_status":"closed","ping_status":"closed","template":"","meta":[],"product_brand":[2936],"product_cat":[1683,1827],"product_tag":[],"class_list":{"0":"post-3689110","1":"product","2":"type-product","3":"status-publish","4":"has-post-thumbnail","6":"product_brand-fendress-hr","7":"product_cat-cerade","8":"product_cat-dodatna-oprema-za-vanbrodske-motore","10":"first","11":"instock","12":"shipping-taxable","13":"purchasable","14":"product-type-simple"},"_links":{"self":[{"href":"https:\/\/stoic-curie.212-227-153-4.plesk.page\/hr\/wp-json\/wp\/v2\/product\/3689110","targetHints":{"allow":["GET"]}}],"collection":[{"href":"https:\/\/stoic-curie.212-227-153-4.plesk.page\/hr\/wp-json\/wp\/v2\/product"}],"about":[{"href":"https:\/\/stoic-curie.212-227-153-4.plesk.page\/hr\/wp-json\/wp\/v2\/types\/product"}],"replies":[{"embeddable":true,"href":"https:\/\/stoic-curie.212-227-153-4.plesk.page\/hr\/wp-json\/wp\/v2\/comments?post=3689110"}],"version-history":[{"count":0,"href":"https:\/\/stoic-curie.212-227-153-4.plesk.page\/hr\/wp-json\/wp\/v2\/product\/3689110\/revisions"}],"wp:featuredmedia":[{"embeddable":true,"href":"https:\/\/stoic-curie.212-227-153-4.plesk.page\/hr\/wp-json\/wp\/v2\/media\/5940904"}],"wp:attachment":[{"href":"https:\/\/stoic-curie.212-227-153-4.plesk.page\/hr\/wp-json\/wp\/v2\/media?parent=3689110"}],"wp:term":[{"taxonomy":"product_brand","embeddable":true,"href":"https:\/\/stoic-curie.212-227-153-4.plesk.page\/hr\/wp-json\/wp\/v2\/product_brand?post=3689110"},{"taxonomy":"product_cat","embeddable":true,"href":"https:\/\/stoic-curie.212-227-153-4.plesk.page\/hr\/wp-json\/wp\/v2\/product_cat?post=3689110"},{"taxonomy":"product_tag","embeddable":true,"href":"https:\/\/stoic-curie.212-227-153-4.plesk.page\/hr\/wp-json\/wp\/v2\/product_tag?post=3689110"}],"curies":[{"name":"wp","href":"https:\/\/api.w.org\/{rel}","templated":true}]}}