{"id":3689114,"date":"2025-10-13T13:37:04","date_gmt":"2025-10-13T17:37:04","guid":{"rendered":"https:\/\/stoic-curie.212-227-153-4.plesk.page\/product\/fendress-navlaka-za-konop-boja-pjeska-100cm\/"},"modified":"2026-02-25T00:00:52","modified_gmt":"2026-02-25T00:00:52","slug":"fendress-navlaka-za-konop-boja-pjeska-100cm","status":"publish","type":"product","link":"https:\/\/stoic-curie.212-227-153-4.plesk.page\/hr\/product\/fendress-navlaka-za-konop-boja-pjeska-100cm\/","title":{"rendered":"Fendress navlaka za konop, boja pjeska, 100cm"},"content":{"rendered":"<p>Fendress navlaka za konop, boja pjeska, 100cm &#8211; <\/p>\n<p>Univerzalno (od 14 do 32 mm) UV-otporna i izdr\u017eljiva akrilna za\u0161tita za konopce za vezivanje. Proizvedena od iste tkanine koja se koristi za mekane i \u010dvrste za\u0161tite Fendress. \u0160titi u\u017ee od habanja i vremenskih utjecaja, dok se sla\u017ee sa istim bojama kao za\u0161tite za fendere. Robusno i lako za montirati \u010di\u010dak zatvaranje.<\/p>\n","protected":false},"excerpt":{"rendered":"<p>Fendress navlaka za konop, boja pjeska, 100cm &#8211; Univerzalno (od 14 do 32 mm) UV-otporna i izdr\u017eljiva akrilna za\u0161tita za<\/p>\n","protected":false},"featured_media":5940910,"comment_status":"closed","ping_status":"closed","template":"","meta":[],"product_brand":[2936],"product_cat":[1613,1622],"product_tag":[],"class_list":{"0":"post-3689114","1":"product","2":"type-product","3":"status-publish","4":"has-post-thumbnail","6":"product_brand-fendress-hr","7":"product_cat-alati-za-rezanje","8":"product_cat-konopi-za-pristajanje-i-privez","10":"first","11":"instock","12":"shipping-taxable","13":"purchasable","14":"product-type-simple"},"_links":{"self":[{"href":"https:\/\/stoic-curie.212-227-153-4.plesk.page\/hr\/wp-json\/wp\/v2\/product\/3689114","targetHints":{"allow":["GET"]}}],"collection":[{"href":"https:\/\/stoic-curie.212-227-153-4.plesk.page\/hr\/wp-json\/wp\/v2\/product"}],"about":[{"href":"https:\/\/stoic-curie.212-227-153-4.plesk.page\/hr\/wp-json\/wp\/v2\/types\/product"}],"replies":[{"embeddable":true,"href":"https:\/\/stoic-curie.212-227-153-4.plesk.page\/hr\/wp-json\/wp\/v2\/comments?post=3689114"}],"version-history":[{"count":0,"href":"https:\/\/stoic-curie.212-227-153-4.plesk.page\/hr\/wp-json\/wp\/v2\/product\/3689114\/revisions"}],"wp:featuredmedia":[{"embeddable":true,"href":"https:\/\/stoic-curie.212-227-153-4.plesk.page\/hr\/wp-json\/wp\/v2\/media\/5940910"}],"wp:attachment":[{"href":"https:\/\/stoic-curie.212-227-153-4.plesk.page\/hr\/wp-json\/wp\/v2\/media?parent=3689114"}],"wp:term":[{"taxonomy":"product_brand","embeddable":true,"href":"https:\/\/stoic-curie.212-227-153-4.plesk.page\/hr\/wp-json\/wp\/v2\/product_brand?post=3689114"},{"taxonomy":"product_cat","embeddable":true,"href":"https:\/\/stoic-curie.212-227-153-4.plesk.page\/hr\/wp-json\/wp\/v2\/product_cat?post=3689114"},{"taxonomy":"product_tag","embeddable":true,"href":"https:\/\/stoic-curie.212-227-153-4.plesk.page\/hr\/wp-json\/wp\/v2\/product_tag?post=3689114"}],"curies":[{"name":"wp","href":"https:\/\/api.w.org\/{rel}","templated":true}]}}