{"id":3689118,"date":"2025-10-13T13:37:04","date_gmt":"2025-10-13T17:37:04","guid":{"rendered":"https:\/\/stoic-curie.212-227-153-4.plesk.page\/product\/36-39-mm-obujmica-za-crijevo-za-teske-uvjete-rada-od-nehrdajuceg-celika\/"},"modified":"2026-02-25T00:00:52","modified_gmt":"2026-02-25T00:00:52","slug":"36-39-mm-obujmica-za-crijevo-za-teske-uvjete-rada-od-nehrdajuceg-celika","status":"publish","type":"product","link":"https:\/\/stoic-curie.212-227-153-4.plesk.page\/hr\/product\/36-39-mm-obujmica-za-crijevo-za-teske-uvjete-rada-od-nehrdajuceg-celika\/","title":{"rendered":"36-39 mm obujmica za crijevo za te\u0161ke uvjete rada od nehr\u0111aju\u0107eg \u010delika"},"content":{"rendered":"<p>36-39 mm obujmica za crijevo za te\u0161ke uvjete rada od nehr\u0111aju\u0107eg \u010delika &#8211; <\/p>\n<p>Profesionalni te\u0161ki superclamp ovratnik s vi\u0161e od pet puta vi\u0161im zadr\u017eavanjem spoja od standardnih stezaljki. Traka, vijak i matico od 316 nehr\u0111aju\u0107eg \u010delika.<\/p>\n","protected":false},"excerpt":{"rendered":"<p>36-39 mm obujmica za crijevo za te\u0161ke uvjete rada od nehr\u0111aju\u0107eg \u010delika &#8211; Profesionalni te\u0161ki superclamp ovratnik s vi\u0161e od<\/p>\n","protected":false},"featured_media":5938610,"comment_status":"closed","ping_status":"closed","template":"","meta":[],"product_brand":[3356],"product_cat":[1674],"product_tag":[],"class_list":{"0":"post-3689118","1":"product","2":"type-product","3":"status-publish","4":"has-post-thumbnail","6":"product_brand-seaflow-hr","7":"product_cat-stezaljke-za-crijeva","9":"first","10":"instock","11":"shipping-taxable","12":"purchasable","13":"product-type-simple"},"_links":{"self":[{"href":"https:\/\/stoic-curie.212-227-153-4.plesk.page\/hr\/wp-json\/wp\/v2\/product\/3689118","targetHints":{"allow":["GET"]}}],"collection":[{"href":"https:\/\/stoic-curie.212-227-153-4.plesk.page\/hr\/wp-json\/wp\/v2\/product"}],"about":[{"href":"https:\/\/stoic-curie.212-227-153-4.plesk.page\/hr\/wp-json\/wp\/v2\/types\/product"}],"replies":[{"embeddable":true,"href":"https:\/\/stoic-curie.212-227-153-4.plesk.page\/hr\/wp-json\/wp\/v2\/comments?post=3689118"}],"version-history":[{"count":0,"href":"https:\/\/stoic-curie.212-227-153-4.plesk.page\/hr\/wp-json\/wp\/v2\/product\/3689118\/revisions"}],"wp:featuredmedia":[{"embeddable":true,"href":"https:\/\/stoic-curie.212-227-153-4.plesk.page\/hr\/wp-json\/wp\/v2\/media\/5938610"}],"wp:attachment":[{"href":"https:\/\/stoic-curie.212-227-153-4.plesk.page\/hr\/wp-json\/wp\/v2\/media?parent=3689118"}],"wp:term":[{"taxonomy":"product_brand","embeddable":true,"href":"https:\/\/stoic-curie.212-227-153-4.plesk.page\/hr\/wp-json\/wp\/v2\/product_brand?post=3689118"},{"taxonomy":"product_cat","embeddable":true,"href":"https:\/\/stoic-curie.212-227-153-4.plesk.page\/hr\/wp-json\/wp\/v2\/product_cat?post=3689118"},{"taxonomy":"product_tag","embeddable":true,"href":"https:\/\/stoic-curie.212-227-153-4.plesk.page\/hr\/wp-json\/wp\/v2\/product_tag?post=3689118"}],"curies":[{"name":"wp","href":"https:\/\/api.w.org\/{rel}","templated":true}]}}