{"id":3689122,"date":"2025-10-13T13:37:05","date_gmt":"2025-10-13T17:37:05","guid":{"rendered":"https:\/\/stoic-curie.212-227-153-4.plesk.page\/product\/sprej-za-poliranje-iosso-750ml-za-metalne-povrsine\/"},"modified":"2026-02-25T00:00:52","modified_gmt":"2026-02-25T00:00:52","slug":"sprej-za-poliranje-iosso-750ml-za-metalne-povrsine","status":"publish","type":"product","link":"https:\/\/stoic-curie.212-227-153-4.plesk.page\/hr\/product\/sprej-za-poliranje-iosso-750ml-za-metalne-povrsine\/","title":{"rendered":"Sprej za poliranje Iosso 750ml za metalne povr\u0161ine"},"content":{"rendered":"<p>Sprej za poliranje Iosso 750ml za metalne povr\u0161ine &#8211; <\/p>\n<p>Iosso je sna\u017ean polisher za metal i univerzalni odstranjiva\u010d kamenca za tvrde povr\u0161ine poput nehr\u0111aju\u0107eg \u010delika, mesinga, kromiranog mesinga, plastike, stakla, tu\u0161eva i kada. Brzo uklanja sve naslage poput hr\u0111e ili tvr\u0111e prljav\u0161tine.<\/p>\n","protected":false},"excerpt":{"rendered":"<p>Sprej za poliranje Iosso 750ml za metalne povr\u0161ine &#8211; Iosso je sna\u017ean polisher za metal i univerzalni odstranjiva\u010d kamenca za<\/p>\n","protected":false},"featured_media":5941020,"comment_status":"closed","ping_status":"closed","template":"","meta":[],"product_brand":[3021],"product_cat":[1628,1626],"product_tag":[],"class_list":{"0":"post-3689122","1":"product","2":"type-product","3":"status-publish","4":"has-post-thumbnail","6":"product_brand-iosso-hr","7":"product_cat-proizvodi-za-ciscenje","8":"product_cat-proizvodi-za-odrzavanje","10":"first","11":"instock","12":"shipping-taxable","13":"purchasable","14":"product-type-simple"},"_links":{"self":[{"href":"https:\/\/stoic-curie.212-227-153-4.plesk.page\/hr\/wp-json\/wp\/v2\/product\/3689122","targetHints":{"allow":["GET"]}}],"collection":[{"href":"https:\/\/stoic-curie.212-227-153-4.plesk.page\/hr\/wp-json\/wp\/v2\/product"}],"about":[{"href":"https:\/\/stoic-curie.212-227-153-4.plesk.page\/hr\/wp-json\/wp\/v2\/types\/product"}],"replies":[{"embeddable":true,"href":"https:\/\/stoic-curie.212-227-153-4.plesk.page\/hr\/wp-json\/wp\/v2\/comments?post=3689122"}],"version-history":[{"count":0,"href":"https:\/\/stoic-curie.212-227-153-4.plesk.page\/hr\/wp-json\/wp\/v2\/product\/3689122\/revisions"}],"wp:featuredmedia":[{"embeddable":true,"href":"https:\/\/stoic-curie.212-227-153-4.plesk.page\/hr\/wp-json\/wp\/v2\/media\/5941020"}],"wp:attachment":[{"href":"https:\/\/stoic-curie.212-227-153-4.plesk.page\/hr\/wp-json\/wp\/v2\/media?parent=3689122"}],"wp:term":[{"taxonomy":"product_brand","embeddable":true,"href":"https:\/\/stoic-curie.212-227-153-4.plesk.page\/hr\/wp-json\/wp\/v2\/product_brand?post=3689122"},{"taxonomy":"product_cat","embeddable":true,"href":"https:\/\/stoic-curie.212-227-153-4.plesk.page\/hr\/wp-json\/wp\/v2\/product_cat?post=3689122"},{"taxonomy":"product_tag","embeddable":true,"href":"https:\/\/stoic-curie.212-227-153-4.plesk.page\/hr\/wp-json\/wp\/v2\/product_tag?post=3689122"}],"curies":[{"name":"wp","href":"https:\/\/api.w.org\/{rel}","templated":true}]}}