{"id":3689123,"date":"2025-10-13T13:37:05","date_gmt":"2025-10-13T17:37:05","guid":{"rendered":"https:\/\/stoic-curie.212-227-153-4.plesk.page\/product\/iosso-visokokvalitetno-mazivo-ulje-50-ml\/"},"modified":"2026-02-25T00:00:52","modified_gmt":"2026-02-25T00:00:52","slug":"iosso-visokokvalitetno-mazivo-ulje-50-ml","status":"publish","type":"product","link":"https:\/\/stoic-curie.212-227-153-4.plesk.page\/hr\/product\/iosso-visokokvalitetno-mazivo-ulje-50-ml\/","title":{"rendered":"Iosso visokokvalitetno mazivo ulje, 50 ml"},"content":{"rendered":"<p>Iosso visokokvalitetno mazivo ulje, 50 ml &#8211; <\/p>\n<p>Specifi\u010dno ulje koje \u0161titi od korozije, otporno je na ispiranje vodom i podmazuje sve mehanizme s izvanrednom izdr\u017eljivo\u0161\u0107u.<\/p>\n","protected":false},"excerpt":{"rendered":"<p>Iosso visokokvalitetno mazivo ulje, 50 ml &#8211; Specifi\u010dno ulje koje \u0161titi od korozije, otporno je na ispiranje vodom i podmazuje<\/p>\n","protected":false},"featured_media":5941021,"comment_status":"closed","ping_status":"closed","template":"","meta":[],"product_brand":[3021],"product_cat":[1773,1795,1626,1759],"product_tag":[],"class_list":{"0":"post-3689123","1":"product","2":"type-product","3":"status-publish","4":"has-post-thumbnail","6":"product_brand-iosso-hr","7":"product_cat-antal-vincevi-za-jedrilice","8":"product_cat-brodska-maziva","9":"product_cat-proizvodi-za-odrzavanje","10":"product_cat-sustavi-klizaca-genove","12":"first","13":"instock","14":"shipping-taxable","15":"purchasable","16":"product-type-simple"},"_links":{"self":[{"href":"https:\/\/stoic-curie.212-227-153-4.plesk.page\/hr\/wp-json\/wp\/v2\/product\/3689123","targetHints":{"allow":["GET"]}}],"collection":[{"href":"https:\/\/stoic-curie.212-227-153-4.plesk.page\/hr\/wp-json\/wp\/v2\/product"}],"about":[{"href":"https:\/\/stoic-curie.212-227-153-4.plesk.page\/hr\/wp-json\/wp\/v2\/types\/product"}],"replies":[{"embeddable":true,"href":"https:\/\/stoic-curie.212-227-153-4.plesk.page\/hr\/wp-json\/wp\/v2\/comments?post=3689123"}],"version-history":[{"count":0,"href":"https:\/\/stoic-curie.212-227-153-4.plesk.page\/hr\/wp-json\/wp\/v2\/product\/3689123\/revisions"}],"wp:featuredmedia":[{"embeddable":true,"href":"https:\/\/stoic-curie.212-227-153-4.plesk.page\/hr\/wp-json\/wp\/v2\/media\/5941021"}],"wp:attachment":[{"href":"https:\/\/stoic-curie.212-227-153-4.plesk.page\/hr\/wp-json\/wp\/v2\/media?parent=3689123"}],"wp:term":[{"taxonomy":"product_brand","embeddable":true,"href":"https:\/\/stoic-curie.212-227-153-4.plesk.page\/hr\/wp-json\/wp\/v2\/product_brand?post=3689123"},{"taxonomy":"product_cat","embeddable":true,"href":"https:\/\/stoic-curie.212-227-153-4.plesk.page\/hr\/wp-json\/wp\/v2\/product_cat?post=3689123"},{"taxonomy":"product_tag","embeddable":true,"href":"https:\/\/stoic-curie.212-227-153-4.plesk.page\/hr\/wp-json\/wp\/v2\/product_tag?post=3689123"}],"curies":[{"name":"wp","href":"https:\/\/api.w.org\/{rel}","templated":true}]}}