{"id":3689124,"date":"2025-10-13T13:37:05","date_gmt":"2025-10-13T17:37:05","guid":{"rendered":"https:\/\/stoic-curie.212-227-153-4.plesk.page\/product\/univerzalne-metlice-brisaca-od-nehrdajuceg-celika-s-j-prikljuckom-400-mm\/"},"modified":"2026-02-25T00:00:52","modified_gmt":"2026-02-25T00:00:52","slug":"univerzalne-metlice-brisaca-od-nehrdajuceg-celika-s-j-prikljuckom-400-mm","status":"publish","type":"product","link":"https:\/\/stoic-curie.212-227-153-4.plesk.page\/hr\/product\/univerzalne-metlice-brisaca-od-nehrdajuceg-celika-s-j-prikljuckom-400-mm\/","title":{"rendered":"Univerzalne metlice brisa\u010da od nehr\u0111aju\u0107eg \u010delika s J-priklju\u010dkom 400 mm"},"content":{"rendered":"<p>Univerzalne metlice brisa\u010da od nehr\u0111aju\u0107eg \u010delika s J-priklju\u010dkom 400 mm &#8211; <\/p>\n<p>Kvalitetne o\u0161trice od nehr\u0111aju\u0107eg \u010delika. Umetak od prirodne gume. Opremljen univerzalnim dr\u017ea\u010dem za ravne i J-Hook veze.<\/p>\n","protected":false},"excerpt":{"rendered":"<p>Univerzalne metlice brisa\u010da od nehr\u0111aju\u0107eg \u010delika s J-priklju\u010dkom 400 mm &#8211; Kvalitetne o\u0161trice od nehr\u0111aju\u0107eg \u010delika. Umetak od prirodne gume.<\/p>\n","protected":false},"featured_media":5941034,"comment_status":"closed","ping_status":"closed","template":"","meta":[],"product_brand":[3316],"product_cat":[1735],"product_tag":[],"class_list":{"0":"post-3689124","1":"product","2":"type-product","3":"status-publish","4":"has-post-thumbnail","6":"product_brand-roca-marine-hr","7":"product_cat-brisaci-vjetrobranskog-stakla-na-brodu","9":"first","10":"instock","11":"shipping-taxable","12":"purchasable","13":"product-type-simple"},"_links":{"self":[{"href":"https:\/\/stoic-curie.212-227-153-4.plesk.page\/hr\/wp-json\/wp\/v2\/product\/3689124","targetHints":{"allow":["GET"]}}],"collection":[{"href":"https:\/\/stoic-curie.212-227-153-4.plesk.page\/hr\/wp-json\/wp\/v2\/product"}],"about":[{"href":"https:\/\/stoic-curie.212-227-153-4.plesk.page\/hr\/wp-json\/wp\/v2\/types\/product"}],"replies":[{"embeddable":true,"href":"https:\/\/stoic-curie.212-227-153-4.plesk.page\/hr\/wp-json\/wp\/v2\/comments?post=3689124"}],"version-history":[{"count":0,"href":"https:\/\/stoic-curie.212-227-153-4.plesk.page\/hr\/wp-json\/wp\/v2\/product\/3689124\/revisions"}],"wp:featuredmedia":[{"embeddable":true,"href":"https:\/\/stoic-curie.212-227-153-4.plesk.page\/hr\/wp-json\/wp\/v2\/media\/5941034"}],"wp:attachment":[{"href":"https:\/\/stoic-curie.212-227-153-4.plesk.page\/hr\/wp-json\/wp\/v2\/media?parent=3689124"}],"wp:term":[{"taxonomy":"product_brand","embeddable":true,"href":"https:\/\/stoic-curie.212-227-153-4.plesk.page\/hr\/wp-json\/wp\/v2\/product_brand?post=3689124"},{"taxonomy":"product_cat","embeddable":true,"href":"https:\/\/stoic-curie.212-227-153-4.plesk.page\/hr\/wp-json\/wp\/v2\/product_cat?post=3689124"},{"taxonomy":"product_tag","embeddable":true,"href":"https:\/\/stoic-curie.212-227-153-4.plesk.page\/hr\/wp-json\/wp\/v2\/product_tag?post=3689124"}],"curies":[{"name":"wp","href":"https:\/\/api.w.org\/{rel}","templated":true}]}}