{"id":3689127,"date":"2025-10-13T13:37:05","date_gmt":"2025-10-13T17:37:05","guid":{"rendered":"https:\/\/stoic-curie.212-227-153-4.plesk.page\/product\/univerzalne-metlice-brisaca-od-nehrdajuceg-celika-s-j-prikljuckom-600-mm\/"},"modified":"2026-02-25T00:00:52","modified_gmt":"2026-02-25T00:00:52","slug":"univerzalne-metlice-brisaca-od-nehrdajuceg-celika-s-j-prikljuckom-600-mm","status":"publish","type":"product","link":"https:\/\/stoic-curie.212-227-153-4.plesk.page\/hr\/product\/univerzalne-metlice-brisaca-od-nehrdajuceg-celika-s-j-prikljuckom-600-mm\/","title":{"rendered":"Univerzalne metlice brisa\u010da od nehr\u0111aju\u0107eg \u010delika s J-priklju\u010dkom 600 mm"},"content":{"rendered":"<p>Univerzalne metlice brisa\u010da od nehr\u0111aju\u0107eg \u010delika s J-priklju\u010dkom 600 mm &#8211; <\/p>\n<p>Brisa\u010di W40 HD za srednje velike i velike brodove. Vodonepropusni motor od 35 Nm s 2 brzine (sporo 30 brisanja\/min i brzo 45 brisanja\/min), kut brisanja 70\u00b0 i automatsko lijevo samoparkiranje. Otvoreni mehanizam za jednostavno podmazivanje. Efektivna du\u017eina navojne osovine od 60 mm s koni\u010dnim rebrastim osigura\u010dem promjera 9-7 mm. Treba ga nadopuniti pantografskim brisa\u010dem i o\u0161tricom od nehr\u0111aju\u0107eg \u010delika.<\/p>\n","protected":false},"excerpt":{"rendered":"<p>Univerzalne metlice brisa\u010da od nehr\u0111aju\u0107eg \u010delika s J-priklju\u010dkom 600 mm &#8211; Brisa\u010di W40 HD za srednje velike i velike brodove.<\/p>\n","protected":false},"featured_media":5941034,"comment_status":"closed","ping_status":"closed","template":"","meta":[],"product_brand":[3316],"product_cat":[1735],"product_tag":[],"class_list":{"0":"post-3689127","1":"product","2":"type-product","3":"status-publish","4":"has-post-thumbnail","6":"product_brand-roca-marine-hr","7":"product_cat-brisaci-vjetrobranskog-stakla-na-brodu","9":"first","10":"instock","11":"shipping-taxable","12":"purchasable","13":"product-type-simple"},"_links":{"self":[{"href":"https:\/\/stoic-curie.212-227-153-4.plesk.page\/hr\/wp-json\/wp\/v2\/product\/3689127","targetHints":{"allow":["GET"]}}],"collection":[{"href":"https:\/\/stoic-curie.212-227-153-4.plesk.page\/hr\/wp-json\/wp\/v2\/product"}],"about":[{"href":"https:\/\/stoic-curie.212-227-153-4.plesk.page\/hr\/wp-json\/wp\/v2\/types\/product"}],"replies":[{"embeddable":true,"href":"https:\/\/stoic-curie.212-227-153-4.plesk.page\/hr\/wp-json\/wp\/v2\/comments?post=3689127"}],"version-history":[{"count":0,"href":"https:\/\/stoic-curie.212-227-153-4.plesk.page\/hr\/wp-json\/wp\/v2\/product\/3689127\/revisions"}],"wp:featuredmedia":[{"embeddable":true,"href":"https:\/\/stoic-curie.212-227-153-4.plesk.page\/hr\/wp-json\/wp\/v2\/media\/5941034"}],"wp:attachment":[{"href":"https:\/\/stoic-curie.212-227-153-4.plesk.page\/hr\/wp-json\/wp\/v2\/media?parent=3689127"}],"wp:term":[{"taxonomy":"product_brand","embeddable":true,"href":"https:\/\/stoic-curie.212-227-153-4.plesk.page\/hr\/wp-json\/wp\/v2\/product_brand?post=3689127"},{"taxonomy":"product_cat","embeddable":true,"href":"https:\/\/stoic-curie.212-227-153-4.plesk.page\/hr\/wp-json\/wp\/v2\/product_cat?post=3689127"},{"taxonomy":"product_tag","embeddable":true,"href":"https:\/\/stoic-curie.212-227-153-4.plesk.page\/hr\/wp-json\/wp\/v2\/product_tag?post=3689127"}],"curies":[{"name":"wp","href":"https:\/\/api.w.org\/{rel}","templated":true}]}}