{"id":3689128,"date":"2025-10-13T13:37:05","date_gmt":"2025-10-13T17:37:05","guid":{"rendered":"https:\/\/stoic-curie.212-227-153-4.plesk.page\/product\/metlica-brisaca-od-nehrdajuceg-celika-za-mtm-w70hd-600mm\/"},"modified":"2026-02-25T00:00:52","modified_gmt":"2026-02-25T00:00:52","slug":"metlica-brisaca-od-nehrdajuceg-celika-za-mtm-w70hd-600mm","status":"publish","type":"product","link":"https:\/\/stoic-curie.212-227-153-4.plesk.page\/hr\/product\/metlica-brisaca-od-nehrdajuceg-celika-za-mtm-w70hd-600mm\/","title":{"rendered":"Metlica brisa\u010da od nehr\u0111aju\u0107eg \u010delika za MTM W70HD 600mm"},"content":{"rendered":"<p>Metlica brisa\u010da od nehr\u0111aju\u0107eg \u010delika za MTM W70HD 600mm &#8211; <\/p>\n<p>W70 HD brisa\u010d za velike brodove. Vodootporni motor s okretnim momentom do 35 Nm. Kut brisanja 70\u00b0. Automatsko lijevo samoparkiranje. 2 brzine: Sporo 30 brisanja\/min i Brzo 45 brisanja\/min. Mehanizam u kutiji za lako podmazivanje. Efektivna duljina navojne osovine 60 mm. Razmak osovine 60 mm.<\/p>\n","protected":false},"excerpt":{"rendered":"<p>Metlica brisa\u010da od nehr\u0111aju\u0107eg \u010delika za MTM W70HD 600mm &#8211; W70 HD brisa\u010d za velike brodove. Vodootporni motor s okretnim<\/p>\n","protected":false},"featured_media":5941039,"comment_status":"closed","ping_status":"closed","template":"","meta":[],"product_brand":[3236],"product_cat":[1735],"product_tag":[],"class_list":{"0":"post-3689128","1":"product","2":"type-product","3":"status-publish","4":"has-post-thumbnail","6":"product_brand-osculati-hr","7":"product_cat-brisaci-vjetrobranskog-stakla-na-brodu","9":"first","10":"instock","11":"shipping-taxable","12":"purchasable","13":"product-type-simple"},"_links":{"self":[{"href":"https:\/\/stoic-curie.212-227-153-4.plesk.page\/hr\/wp-json\/wp\/v2\/product\/3689128","targetHints":{"allow":["GET"]}}],"collection":[{"href":"https:\/\/stoic-curie.212-227-153-4.plesk.page\/hr\/wp-json\/wp\/v2\/product"}],"about":[{"href":"https:\/\/stoic-curie.212-227-153-4.plesk.page\/hr\/wp-json\/wp\/v2\/types\/product"}],"replies":[{"embeddable":true,"href":"https:\/\/stoic-curie.212-227-153-4.plesk.page\/hr\/wp-json\/wp\/v2\/comments?post=3689128"}],"version-history":[{"count":0,"href":"https:\/\/stoic-curie.212-227-153-4.plesk.page\/hr\/wp-json\/wp\/v2\/product\/3689128\/revisions"}],"wp:featuredmedia":[{"embeddable":true,"href":"https:\/\/stoic-curie.212-227-153-4.plesk.page\/hr\/wp-json\/wp\/v2\/media\/5941039"}],"wp:attachment":[{"href":"https:\/\/stoic-curie.212-227-153-4.plesk.page\/hr\/wp-json\/wp\/v2\/media?parent=3689128"}],"wp:term":[{"taxonomy":"product_brand","embeddable":true,"href":"https:\/\/stoic-curie.212-227-153-4.plesk.page\/hr\/wp-json\/wp\/v2\/product_brand?post=3689128"},{"taxonomy":"product_cat","embeddable":true,"href":"https:\/\/stoic-curie.212-227-153-4.plesk.page\/hr\/wp-json\/wp\/v2\/product_cat?post=3689128"},{"taxonomy":"product_tag","embeddable":true,"href":"https:\/\/stoic-curie.212-227-153-4.plesk.page\/hr\/wp-json\/wp\/v2\/product_tag?post=3689128"}],"curies":[{"name":"wp","href":"https:\/\/api.w.org\/{rel}","templated":true}]}}