{"id":3689143,"date":"2025-10-13T13:37:07","date_gmt":"2025-10-13T17:37:07","guid":{"rendered":"https:\/\/stoic-curie.212-227-153-4.plesk.page\/product\/elektricna-ploca-s-3-led-prekidaca-i-uticnicom-od-12v-do-100-x-h125-mm\/"},"modified":"2026-02-25T00:00:52","modified_gmt":"2026-02-25T00:00:52","slug":"elektricna-ploca-s-3-led-prekidaca-i-uticnicom-od-12v-do-100-x-h125-mm","status":"publish","type":"product","link":"https:\/\/stoic-curie.212-227-153-4.plesk.page\/hr\/product\/elektricna-ploca-s-3-led-prekidaca-i-uticnicom-od-12v-do-100-x-h125-mm\/","title":{"rendered":"Elektricna ploca s 3 LED prekidaca i uti\u010dnicom od 12V do 100 x H125 mm"},"content":{"rendered":"<p>Elektricna ploca s 3 LED prekidaca i uti\u010dnicom od 12V do 100 x H125 mm &#8211; <\/p>\n<p>Poliuretanski panel s vodootpornim prekida\u010dima (5A, 10A, 15A), LED pilot lampama i ponovo umetljivim automatskim osigura\u010dima. U kompletu s 12V uti\u010dnicom i unaprijed ispisanim etiketama.<\/p>\n","protected":false},"excerpt":{"rendered":"<p>Elektricna ploca s 3 LED prekidaca i uti\u010dnicom od 12V do 100 x H125 mm &#8211; Poliuretanski panel s vodootpornim<\/p>\n","protected":false},"featured_media":5941079,"comment_status":"closed","ping_status":"closed","template":"","meta":[],"product_brand":[3236],"product_cat":[1746],"product_tag":[],"class_list":{"0":"post-3689143","1":"product","2":"type-product","3":"status-publish","4":"has-post-thumbnail","6":"product_brand-osculati-hr","7":"product_cat-elektricne-ploce-prekidaca","9":"first","10":"instock","11":"shipping-taxable","12":"purchasable","13":"product-type-simple"},"_links":{"self":[{"href":"https:\/\/stoic-curie.212-227-153-4.plesk.page\/hr\/wp-json\/wp\/v2\/product\/3689143","targetHints":{"allow":["GET"]}}],"collection":[{"href":"https:\/\/stoic-curie.212-227-153-4.plesk.page\/hr\/wp-json\/wp\/v2\/product"}],"about":[{"href":"https:\/\/stoic-curie.212-227-153-4.plesk.page\/hr\/wp-json\/wp\/v2\/types\/product"}],"replies":[{"embeddable":true,"href":"https:\/\/stoic-curie.212-227-153-4.plesk.page\/hr\/wp-json\/wp\/v2\/comments?post=3689143"}],"version-history":[{"count":0,"href":"https:\/\/stoic-curie.212-227-153-4.plesk.page\/hr\/wp-json\/wp\/v2\/product\/3689143\/revisions"}],"wp:featuredmedia":[{"embeddable":true,"href":"https:\/\/stoic-curie.212-227-153-4.plesk.page\/hr\/wp-json\/wp\/v2\/media\/5941079"}],"wp:attachment":[{"href":"https:\/\/stoic-curie.212-227-153-4.plesk.page\/hr\/wp-json\/wp\/v2\/media?parent=3689143"}],"wp:term":[{"taxonomy":"product_brand","embeddable":true,"href":"https:\/\/stoic-curie.212-227-153-4.plesk.page\/hr\/wp-json\/wp\/v2\/product_brand?post=3689143"},{"taxonomy":"product_cat","embeddable":true,"href":"https:\/\/stoic-curie.212-227-153-4.plesk.page\/hr\/wp-json\/wp\/v2\/product_cat?post=3689143"},{"taxonomy":"product_tag","embeddable":true,"href":"https:\/\/stoic-curie.212-227-153-4.plesk.page\/hr\/wp-json\/wp\/v2\/product_tag?post=3689143"}],"curies":[{"name":"wp","href":"https:\/\/api.w.org\/{rel}","templated":true}]}}