{"id":3689144,"date":"2025-10-13T13:37:07","date_gmt":"2025-10-13T17:37:07","guid":{"rendered":"https:\/\/stoic-curie.212-227-153-4.plesk.page\/product\/sportski-prsluk-za-spasavanje-reef-iso-en12402-5-40-newton-25-40-kg\/"},"modified":"2026-02-25T00:00:52","modified_gmt":"2026-02-25T00:00:52","slug":"sportski-prsluk-za-spasavanje-reef-iso-en12402-5-40-newton-25-40-kg","status":"publish","type":"product","link":"https:\/\/stoic-curie.212-227-153-4.plesk.page\/hr\/product\/sportski-prsluk-za-spasavanje-reef-iso-en12402-5-40-newton-25-40-kg\/","title":{"rendered":"Sportski prsluk za spa\u0161avanje Reef ISO EN12402-5 40 Newton 25-40 kg"},"content":{"rendered":"<p>Sportski prsluk za spa\u0161avanje Reef ISO EN12402-5 40 Newton 25-40 kg &#8211; <\/p>\n<p>Reef ISO EN12402-5 odobren ergonomi\u010dni i kompaktni prsluk za pomo\u0107 pri plutanju s 50N. Preporu\u010duju ga najbolji amaterski prvaci u katamaranima. Tako\u0111er pogodan za rafting i vodeno skijanje. Sustav pode\u0161avanja sastoji se od tri remena s brzim kop\u010dama. 50N &#8211; Pomo\u0107 za plivanje i plutanjem. Ovo nije spasila\u010dki prsluk. Za redovne pliva\u010de. Koristiti blizu obale.<\/p>\n","protected":false},"excerpt":{"rendered":"<p>Sportski prsluk za spa\u0161avanje Reef ISO EN12402-5 40 Newton 25-40 kg &#8211; Reef ISO EN12402-5 odobren ergonomi\u010dni i kompaktni prsluk<\/p>\n","protected":false},"featured_media":5935788,"comment_status":"closed","ping_status":"closed","template":"","meta":[],"product_brand":[3516],"product_cat":[1842,1603],"product_tag":[],"class_list":{"0":"post-3689144","1":"product","2":"type-product","3":"status-publish","4":"has-post-thumbnail","6":"product_brand-veleria-san-giorgio-hr","7":"product_cat-prsluci-za-spasavanje-za-sportove-na-vodi","8":"product_cat-uzgonska-pomagala","10":"first","11":"instock","12":"shipping-taxable","13":"purchasable","14":"product-type-simple"},"_links":{"self":[{"href":"https:\/\/stoic-curie.212-227-153-4.plesk.page\/hr\/wp-json\/wp\/v2\/product\/3689144","targetHints":{"allow":["GET"]}}],"collection":[{"href":"https:\/\/stoic-curie.212-227-153-4.plesk.page\/hr\/wp-json\/wp\/v2\/product"}],"about":[{"href":"https:\/\/stoic-curie.212-227-153-4.plesk.page\/hr\/wp-json\/wp\/v2\/types\/product"}],"replies":[{"embeddable":true,"href":"https:\/\/stoic-curie.212-227-153-4.plesk.page\/hr\/wp-json\/wp\/v2\/comments?post=3689144"}],"version-history":[{"count":0,"href":"https:\/\/stoic-curie.212-227-153-4.plesk.page\/hr\/wp-json\/wp\/v2\/product\/3689144\/revisions"}],"wp:featuredmedia":[{"embeddable":true,"href":"https:\/\/stoic-curie.212-227-153-4.plesk.page\/hr\/wp-json\/wp\/v2\/media\/5935788"}],"wp:attachment":[{"href":"https:\/\/stoic-curie.212-227-153-4.plesk.page\/hr\/wp-json\/wp\/v2\/media?parent=3689144"}],"wp:term":[{"taxonomy":"product_brand","embeddable":true,"href":"https:\/\/stoic-curie.212-227-153-4.plesk.page\/hr\/wp-json\/wp\/v2\/product_brand?post=3689144"},{"taxonomy":"product_cat","embeddable":true,"href":"https:\/\/stoic-curie.212-227-153-4.plesk.page\/hr\/wp-json\/wp\/v2\/product_cat?post=3689144"},{"taxonomy":"product_tag","embeddable":true,"href":"https:\/\/stoic-curie.212-227-153-4.plesk.page\/hr\/wp-json\/wp\/v2\/product_tag?post=3689144"}],"curies":[{"name":"wp","href":"https:\/\/api.w.org\/{rel}","templated":true}]}}