{"id":3689148,"date":"2025-10-13T13:37:08","date_gmt":"2025-10-13T17:37:08","guid":{"rendered":"https:\/\/stoic-curie.212-227-153-4.plesk.page\/product\/navlaka-za-vanbrodske-motore-velicine-m-50-x-50-x-h135-cm\/"},"modified":"2026-02-25T00:00:52","modified_gmt":"2026-02-25T00:00:52","slug":"navlaka-za-vanbrodske-motore-velicine-m-50-x-50-x-h135-cm","status":"publish","type":"product","link":"https:\/\/stoic-curie.212-227-153-4.plesk.page\/hr\/product\/navlaka-za-vanbrodske-motore-velicine-m-50-x-50-x-h135-cm\/","title":{"rendered":"Navlaka za vanbrodske motore velicine M 50 x 50 x H135 Cm"},"content":{"rendered":"<p>Navlaka za vanbrodske motore velicine M 50 x 50 x H135 Cm &#8211; <\/p>\n<p>Pokrovi za vanbrodske motore vrhunske kvalitete izra\u0111eni od 100% vodootpornog PVC premazanog materijala. OTPORNI na UV zra\u010denje zahvaljuju\u0107i srebrnoj boji koja reflektira sun\u010devu svjetlost.<\/p>\n","protected":false},"excerpt":{"rendered":"<p>Navlaka za vanbrodske motore velicine M 50 x 50 x H135 Cm &#8211; Pokrovi za vanbrodske motore vrhunske kvalitete izra\u0111eni<\/p>\n","protected":false},"featured_media":5941084,"comment_status":"closed","ping_status":"closed","template":"","meta":[],"product_brand":[3236],"product_cat":[1683,1827],"product_tag":[],"class_list":{"0":"post-3689148","1":"product","2":"type-product","3":"status-publish","4":"has-post-thumbnail","6":"product_brand-osculati-hr","7":"product_cat-cerade","8":"product_cat-dodatna-oprema-za-vanbrodske-motore","10":"first","11":"instock","12":"shipping-taxable","13":"purchasable","14":"product-type-simple"},"_links":{"self":[{"href":"https:\/\/stoic-curie.212-227-153-4.plesk.page\/hr\/wp-json\/wp\/v2\/product\/3689148","targetHints":{"allow":["GET"]}}],"collection":[{"href":"https:\/\/stoic-curie.212-227-153-4.plesk.page\/hr\/wp-json\/wp\/v2\/product"}],"about":[{"href":"https:\/\/stoic-curie.212-227-153-4.plesk.page\/hr\/wp-json\/wp\/v2\/types\/product"}],"replies":[{"embeddable":true,"href":"https:\/\/stoic-curie.212-227-153-4.plesk.page\/hr\/wp-json\/wp\/v2\/comments?post=3689148"}],"version-history":[{"count":0,"href":"https:\/\/stoic-curie.212-227-153-4.plesk.page\/hr\/wp-json\/wp\/v2\/product\/3689148\/revisions"}],"wp:featuredmedia":[{"embeddable":true,"href":"https:\/\/stoic-curie.212-227-153-4.plesk.page\/hr\/wp-json\/wp\/v2\/media\/5941084"}],"wp:attachment":[{"href":"https:\/\/stoic-curie.212-227-153-4.plesk.page\/hr\/wp-json\/wp\/v2\/media?parent=3689148"}],"wp:term":[{"taxonomy":"product_brand","embeddable":true,"href":"https:\/\/stoic-curie.212-227-153-4.plesk.page\/hr\/wp-json\/wp\/v2\/product_brand?post=3689148"},{"taxonomy":"product_cat","embeddable":true,"href":"https:\/\/stoic-curie.212-227-153-4.plesk.page\/hr\/wp-json\/wp\/v2\/product_cat?post=3689148"},{"taxonomy":"product_tag","embeddable":true,"href":"https:\/\/stoic-curie.212-227-153-4.plesk.page\/hr\/wp-json\/wp\/v2\/product_tag?post=3689148"}],"curies":[{"name":"wp","href":"https:\/\/api.w.org\/{rel}","templated":true}]}}