{"id":3689149,"date":"2025-10-13T13:37:08","date_gmt":"2025-10-13T17:37:08","guid":{"rendered":"https:\/\/stoic-curie.212-227-153-4.plesk.page\/product\/navlaka-za-vanbrodske-motore-velicine-l-125-x-45-x-h210-cm\/"},"modified":"2026-02-25T00:00:52","modified_gmt":"2026-02-25T00:00:52","slug":"navlaka-za-vanbrodske-motore-velicine-l-125-x-45-x-h210-cm","status":"publish","type":"product","link":"https:\/\/stoic-curie.212-227-153-4.plesk.page\/hr\/product\/navlaka-za-vanbrodske-motore-velicine-l-125-x-45-x-h210-cm\/","title":{"rendered":"Navlaka za vanbrodske motore velicine L 125 x 45 x H210 Cm"},"content":{"rendered":"<p>Navlaka za vanbrodske motore velicine L 125 x 45 x H210 Cm &#8211; <\/p>\n<p>Premium kvalitetne navlake za vanbrodske motore izra\u0111ene od 100% vodootpornog PVC prekrivenog platna. Otporne na UV zrake zahvaljuju\u0107i srebrnoj boji koja odra\u017eava sun\u010devu svjetlost.<\/p>\n","protected":false},"excerpt":{"rendered":"<p>Navlaka za vanbrodske motore velicine L 125 x 45 x H210 Cm &#8211; Premium kvalitetne navlake za vanbrodske motore izra\u0111ene<\/p>\n","protected":false},"featured_media":5941084,"comment_status":"closed","ping_status":"closed","template":"","meta":[],"product_brand":[3236],"product_cat":[1683,1827],"product_tag":[],"class_list":{"0":"post-3689149","1":"product","2":"type-product","3":"status-publish","4":"has-post-thumbnail","6":"product_brand-osculati-hr","7":"product_cat-cerade","8":"product_cat-dodatna-oprema-za-vanbrodske-motore","10":"first","11":"instock","12":"shipping-taxable","13":"purchasable","14":"product-type-simple"},"_links":{"self":[{"href":"https:\/\/stoic-curie.212-227-153-4.plesk.page\/hr\/wp-json\/wp\/v2\/product\/3689149","targetHints":{"allow":["GET"]}}],"collection":[{"href":"https:\/\/stoic-curie.212-227-153-4.plesk.page\/hr\/wp-json\/wp\/v2\/product"}],"about":[{"href":"https:\/\/stoic-curie.212-227-153-4.plesk.page\/hr\/wp-json\/wp\/v2\/types\/product"}],"replies":[{"embeddable":true,"href":"https:\/\/stoic-curie.212-227-153-4.plesk.page\/hr\/wp-json\/wp\/v2\/comments?post=3689149"}],"version-history":[{"count":0,"href":"https:\/\/stoic-curie.212-227-153-4.plesk.page\/hr\/wp-json\/wp\/v2\/product\/3689149\/revisions"}],"wp:featuredmedia":[{"embeddable":true,"href":"https:\/\/stoic-curie.212-227-153-4.plesk.page\/hr\/wp-json\/wp\/v2\/media\/5941084"}],"wp:attachment":[{"href":"https:\/\/stoic-curie.212-227-153-4.plesk.page\/hr\/wp-json\/wp\/v2\/media?parent=3689149"}],"wp:term":[{"taxonomy":"product_brand","embeddable":true,"href":"https:\/\/stoic-curie.212-227-153-4.plesk.page\/hr\/wp-json\/wp\/v2\/product_brand?post=3689149"},{"taxonomy":"product_cat","embeddable":true,"href":"https:\/\/stoic-curie.212-227-153-4.plesk.page\/hr\/wp-json\/wp\/v2\/product_cat?post=3689149"},{"taxonomy":"product_tag","embeddable":true,"href":"https:\/\/stoic-curie.212-227-153-4.plesk.page\/hr\/wp-json\/wp\/v2\/product_tag?post=3689149"}],"curies":[{"name":"wp","href":"https:\/\/api.w.org\/{rel}","templated":true}]}}