{"id":3689156,"date":"2025-10-13T13:37:09","date_gmt":"2025-10-13T17:37:09","guid":{"rendered":"https:\/\/stoic-curie.212-227-153-4.plesk.page\/product\/navlake-za-konzole-od-poliestera-a120cm-b105cm-c70cm-d65cm\/"},"modified":"2026-02-25T00:00:52","modified_gmt":"2026-02-25T00:00:52","slug":"navlake-za-konzole-od-poliestera-a120cm-b105cm-c70cm-d65cm","status":"publish","type":"product","link":"https:\/\/stoic-curie.212-227-153-4.plesk.page\/hr\/product\/navlake-za-konzole-od-poliestera-a120cm-b105cm-c70cm-d65cm\/","title":{"rendered":"Navlake za konzole od poliestera ( A:120cm B:105cm C:70cm D:65cm)"},"content":{"rendered":"<p>Navlake za konzole od poliestera ( A:120cm B:105cm C:70cm D:65cm) &#8211; <\/p>\n<p>Pokrov za konzolu vrhunske kvalitete od 100% vodootpornog PVC prekrivenog materijala. Otporan na UV zahvaljuju\u0107i srebrnoj boji koja odra\u017eava sun\u010devu svjetlost. Opremljen unutarnjim elasti\u010dnim pojasom za savr\u0161eno pristajanje na oblik konzole.<\/p>\n","protected":false},"excerpt":{"rendered":"<p>Navlake za konzole od poliestera ( A:120cm B:105cm C:70cm D:65cm) &#8211; Pokrov za konzolu vrhunske kvalitete od 100% vodootpornog PVC<\/p>\n","protected":false},"featured_media":5941100,"comment_status":"closed","ping_status":"closed","template":"","meta":[],"product_brand":[3236],"product_cat":[1683],"product_tag":[],"class_list":{"0":"post-3689156","1":"product","2":"type-product","3":"status-publish","4":"has-post-thumbnail","6":"product_brand-osculati-hr","7":"product_cat-cerade","9":"first","10":"instock","11":"shipping-taxable","12":"purchasable","13":"product-type-simple"},"_links":{"self":[{"href":"https:\/\/stoic-curie.212-227-153-4.plesk.page\/hr\/wp-json\/wp\/v2\/product\/3689156","targetHints":{"allow":["GET"]}}],"collection":[{"href":"https:\/\/stoic-curie.212-227-153-4.plesk.page\/hr\/wp-json\/wp\/v2\/product"}],"about":[{"href":"https:\/\/stoic-curie.212-227-153-4.plesk.page\/hr\/wp-json\/wp\/v2\/types\/product"}],"replies":[{"embeddable":true,"href":"https:\/\/stoic-curie.212-227-153-4.plesk.page\/hr\/wp-json\/wp\/v2\/comments?post=3689156"}],"version-history":[{"count":0,"href":"https:\/\/stoic-curie.212-227-153-4.plesk.page\/hr\/wp-json\/wp\/v2\/product\/3689156\/revisions"}],"wp:featuredmedia":[{"embeddable":true,"href":"https:\/\/stoic-curie.212-227-153-4.plesk.page\/hr\/wp-json\/wp\/v2\/media\/5941100"}],"wp:attachment":[{"href":"https:\/\/stoic-curie.212-227-153-4.plesk.page\/hr\/wp-json\/wp\/v2\/media?parent=3689156"}],"wp:term":[{"taxonomy":"product_brand","embeddable":true,"href":"https:\/\/stoic-curie.212-227-153-4.plesk.page\/hr\/wp-json\/wp\/v2\/product_brand?post=3689156"},{"taxonomy":"product_cat","embeddable":true,"href":"https:\/\/stoic-curie.212-227-153-4.plesk.page\/hr\/wp-json\/wp\/v2\/product_cat?post=3689156"},{"taxonomy":"product_tag","embeddable":true,"href":"https:\/\/stoic-curie.212-227-153-4.plesk.page\/hr\/wp-json\/wp\/v2\/product_tag?post=3689156"}],"curies":[{"name":"wp","href":"https:\/\/api.w.org\/{rel}","templated":true}]}}