{"id":3689160,"date":"2025-10-13T13:37:09","date_gmt":"2025-10-13T17:37:09","guid":{"rendered":"https:\/\/stoic-curie.212-227-153-4.plesk.page\/product\/univerzalna-navlaka-vanbrodskih-motora-75-x-45-x-h75cm\/"},"modified":"2026-02-25T00:00:52","modified_gmt":"2026-02-25T00:00:52","slug":"univerzalna-navlaka-vanbrodskih-motora-75-x-45-x-h75cm","status":"publish","type":"product","link":"https:\/\/stoic-curie.212-227-153-4.plesk.page\/hr\/product\/univerzalna-navlaka-vanbrodskih-motora-75-x-45-x-h75cm\/","title":{"rendered":"Univerzalna navlaka vanbrodskih motora 75 x 45 x H75cm"},"content":{"rendered":"<p>Univerzalna navlaka vanbrodskih motora 75 x 45 x H75cm &#8211; <\/p>\n<p>Hig kvalitativne za\u0161tite za vanjske motore izra\u0111ene od 100% vodootporne PVC tkanine. Otporna na UV zra\u010denje zahvaljuju\u0107i srebrnoj boji koja odbija sun\u010devu svjetlost. Opremljena unutarnjim elasti\u010dnim remenom koji savr\u0161eno pristaje obliku vanjskog motora.<\/p>\n","protected":false},"excerpt":{"rendered":"<p>Univerzalna navlaka vanbrodskih motora 75 x 45 x H75cm &#8211; Hig kvalitativne za\u0161tite za vanjske motore izra\u0111ene od 100% vodootporne<\/p>\n","protected":false},"featured_media":5941091,"comment_status":"closed","ping_status":"closed","template":"","meta":[],"product_brand":[3236],"product_cat":[1683,1827],"product_tag":[],"class_list":{"0":"post-3689160","1":"product","2":"type-product","3":"status-publish","4":"has-post-thumbnail","6":"product_brand-osculati-hr","7":"product_cat-cerade","8":"product_cat-dodatna-oprema-za-vanbrodske-motore","10":"first","11":"instock","12":"shipping-taxable","13":"purchasable","14":"product-type-simple"},"_links":{"self":[{"href":"https:\/\/stoic-curie.212-227-153-4.plesk.page\/hr\/wp-json\/wp\/v2\/product\/3689160","targetHints":{"allow":["GET"]}}],"collection":[{"href":"https:\/\/stoic-curie.212-227-153-4.plesk.page\/hr\/wp-json\/wp\/v2\/product"}],"about":[{"href":"https:\/\/stoic-curie.212-227-153-4.plesk.page\/hr\/wp-json\/wp\/v2\/types\/product"}],"replies":[{"embeddable":true,"href":"https:\/\/stoic-curie.212-227-153-4.plesk.page\/hr\/wp-json\/wp\/v2\/comments?post=3689160"}],"version-history":[{"count":0,"href":"https:\/\/stoic-curie.212-227-153-4.plesk.page\/hr\/wp-json\/wp\/v2\/product\/3689160\/revisions"}],"wp:featuredmedia":[{"embeddable":true,"href":"https:\/\/stoic-curie.212-227-153-4.plesk.page\/hr\/wp-json\/wp\/v2\/media\/5941091"}],"wp:attachment":[{"href":"https:\/\/stoic-curie.212-227-153-4.plesk.page\/hr\/wp-json\/wp\/v2\/media?parent=3689160"}],"wp:term":[{"taxonomy":"product_brand","embeddable":true,"href":"https:\/\/stoic-curie.212-227-153-4.plesk.page\/hr\/wp-json\/wp\/v2\/product_brand?post=3689160"},{"taxonomy":"product_cat","embeddable":true,"href":"https:\/\/stoic-curie.212-227-153-4.plesk.page\/hr\/wp-json\/wp\/v2\/product_cat?post=3689160"},{"taxonomy":"product_tag","embeddable":true,"href":"https:\/\/stoic-curie.212-227-153-4.plesk.page\/hr\/wp-json\/wp\/v2\/product_tag?post=3689160"}],"curies":[{"name":"wp","href":"https:\/\/api.w.org\/{rel}","templated":true}]}}