{"id":3689162,"date":"2025-10-13T13:37:10","date_gmt":"2025-10-13T17:37:10","guid":{"rendered":"https:\/\/stoic-curie.212-227-153-4.plesk.page\/product\/navlake-za-konzole-od-poliestera-a140cm-b100cm-c90cm-d90cm\/"},"modified":"2026-02-25T00:00:52","modified_gmt":"2026-02-25T00:00:52","slug":"navlake-za-konzole-od-poliestera-a140cm-b100cm-c90cm-d90cm","status":"publish","type":"product","link":"https:\/\/stoic-curie.212-227-153-4.plesk.page\/hr\/product\/navlake-za-konzole-od-poliestera-a140cm-b100cm-c90cm-d90cm\/","title":{"rendered":"Navlake za konzole od poliestera ( A:140cm B:100cm C:90cm D:90cm)"},"content":{"rendered":"<p>Navlake za konzole od poliestera ( A:140cm B:100cm C:90cm D:90cm) &#8211; <\/p>\n<p>Premium kvalitetne navlake za konzole izra\u0111ene od 100% vodootpornog PVC prekrivenog materijala. Otporniji na UV zra\u010denje zahvaljuju\u0107i srebrnoj boji koja odbija sun\u010devu svjetlost. Opremljena unutarnjom elasti\u010dnom trakom za savr\u0161eno pristajanje uz oblik konzole.<\/p>\n","protected":false},"excerpt":{"rendered":"<p>Navlake za konzole od poliestera ( A:140cm B:100cm C:90cm D:90cm) &#8211; Premium kvalitetne navlake za konzole izra\u0111ene od 100% vodootpornog<\/p>\n","protected":false},"featured_media":5941100,"comment_status":"closed","ping_status":"closed","template":"","meta":[],"product_brand":[3236],"product_cat":[1683],"product_tag":[],"class_list":{"0":"post-3689162","1":"product","2":"type-product","3":"status-publish","4":"has-post-thumbnail","6":"product_brand-osculati-hr","7":"product_cat-cerade","9":"first","10":"instock","11":"shipping-taxable","12":"purchasable","13":"product-type-simple"},"_links":{"self":[{"href":"https:\/\/stoic-curie.212-227-153-4.plesk.page\/hr\/wp-json\/wp\/v2\/product\/3689162","targetHints":{"allow":["GET"]}}],"collection":[{"href":"https:\/\/stoic-curie.212-227-153-4.plesk.page\/hr\/wp-json\/wp\/v2\/product"}],"about":[{"href":"https:\/\/stoic-curie.212-227-153-4.plesk.page\/hr\/wp-json\/wp\/v2\/types\/product"}],"replies":[{"embeddable":true,"href":"https:\/\/stoic-curie.212-227-153-4.plesk.page\/hr\/wp-json\/wp\/v2\/comments?post=3689162"}],"version-history":[{"count":0,"href":"https:\/\/stoic-curie.212-227-153-4.plesk.page\/hr\/wp-json\/wp\/v2\/product\/3689162\/revisions"}],"wp:featuredmedia":[{"embeddable":true,"href":"https:\/\/stoic-curie.212-227-153-4.plesk.page\/hr\/wp-json\/wp\/v2\/media\/5941100"}],"wp:attachment":[{"href":"https:\/\/stoic-curie.212-227-153-4.plesk.page\/hr\/wp-json\/wp\/v2\/media?parent=3689162"}],"wp:term":[{"taxonomy":"product_brand","embeddable":true,"href":"https:\/\/stoic-curie.212-227-153-4.plesk.page\/hr\/wp-json\/wp\/v2\/product_brand?post=3689162"},{"taxonomy":"product_cat","embeddable":true,"href":"https:\/\/stoic-curie.212-227-153-4.plesk.page\/hr\/wp-json\/wp\/v2\/product_cat?post=3689162"},{"taxonomy":"product_tag","embeddable":true,"href":"https:\/\/stoic-curie.212-227-153-4.plesk.page\/hr\/wp-json\/wp\/v2\/product_tag?post=3689162"}],"curies":[{"name":"wp","href":"https:\/\/api.w.org\/{rel}","templated":true}]}}