{"id":3689166,"date":"2025-10-13T13:37:10","date_gmt":"2025-10-13T17:37:10","guid":{"rendered":"https:\/\/stoic-curie.212-227-153-4.plesk.page\/product\/sredstvo-za-ciscenje-bokobrana-i-gumenjaka-star-brite-500ml\/"},"modified":"2026-02-25T00:00:52","modified_gmt":"2026-02-25T00:00:52","slug":"sredstvo-za-ciscenje-bokobrana-i-gumenjaka-star-brite-500ml","status":"publish","type":"product","link":"https:\/\/stoic-curie.212-227-153-4.plesk.page\/hr\/product\/sredstvo-za-ciscenje-bokobrana-i-gumenjaka-star-brite-500ml\/","title":{"rendered":"Sredstvo za \u010di\u0161cenje bokobrana i gumenjaka, Star Brite 500ml"},"content":{"rendered":"<p>Sredstvo za \u010di\u0161cenje bokobrana i gumenjaka, Star Brite 500ml &#8211; <\/p>\n<p>\u2022 Formula visoke otpornosti koja uklanja prljav\u0161tinu, mrlje, tragove i fleke<br \/>\u2022 Sigurna za kori\u0161tenje na svim gumenim i vinilnim povr\u0161inama bilo kojeg napuhanog objekta ili fendera<br \/>\u2022 Ostavlja \u010dvrsti za\u0161titni sloj<br \/>\u2022 \u0160titi od \u0161tetnih UV zraka sunca<\/p>\n","protected":false},"excerpt":{"rendered":"<p>Sredstvo za \u010di\u0161cenje bokobrana i gumenjaka, Star Brite 500ml &#8211; \u2022 Formula visoke otpornosti koja uklanja prljav\u0161tinu, mrlje, tragove i<\/p>\n","protected":false},"featured_media":5941127,"comment_status":"closed","ping_status":"closed","template":"","meta":[],"product_brand":[3436],"product_cat":[1839,1628],"product_tag":[],"class_list":{"0":"post-3689166","1":"product","2":"type-product","3":"status-publish","4":"has-post-thumbnail","6":"product_brand-starbrite-hr","7":"product_cat-oprema-za-pomocne-brodice","8":"product_cat-proizvodi-za-ciscenje","10":"first","11":"instock","12":"shipping-taxable","13":"purchasable","14":"product-type-simple"},"_links":{"self":[{"href":"https:\/\/stoic-curie.212-227-153-4.plesk.page\/hr\/wp-json\/wp\/v2\/product\/3689166","targetHints":{"allow":["GET"]}}],"collection":[{"href":"https:\/\/stoic-curie.212-227-153-4.plesk.page\/hr\/wp-json\/wp\/v2\/product"}],"about":[{"href":"https:\/\/stoic-curie.212-227-153-4.plesk.page\/hr\/wp-json\/wp\/v2\/types\/product"}],"replies":[{"embeddable":true,"href":"https:\/\/stoic-curie.212-227-153-4.plesk.page\/hr\/wp-json\/wp\/v2\/comments?post=3689166"}],"version-history":[{"count":0,"href":"https:\/\/stoic-curie.212-227-153-4.plesk.page\/hr\/wp-json\/wp\/v2\/product\/3689166\/revisions"}],"wp:featuredmedia":[{"embeddable":true,"href":"https:\/\/stoic-curie.212-227-153-4.plesk.page\/hr\/wp-json\/wp\/v2\/media\/5941127"}],"wp:attachment":[{"href":"https:\/\/stoic-curie.212-227-153-4.plesk.page\/hr\/wp-json\/wp\/v2\/media?parent=3689166"}],"wp:term":[{"taxonomy":"product_brand","embeddable":true,"href":"https:\/\/stoic-curie.212-227-153-4.plesk.page\/hr\/wp-json\/wp\/v2\/product_brand?post=3689166"},{"taxonomy":"product_cat","embeddable":true,"href":"https:\/\/stoic-curie.212-227-153-4.plesk.page\/hr\/wp-json\/wp\/v2\/product_cat?post=3689166"},{"taxonomy":"product_tag","embeddable":true,"href":"https:\/\/stoic-curie.212-227-153-4.plesk.page\/hr\/wp-json\/wp\/v2\/product_tag?post=3689166"}],"curies":[{"name":"wp","href":"https:\/\/api.w.org\/{rel}","templated":true}]}}