{"id":3689168,"date":"2025-10-13T13:37:10","date_gmt":"2025-10-13T17:37:10","guid":{"rendered":"https:\/\/stoic-curie.212-227-153-4.plesk.page\/product\/star-brite-zastita-za-vinil-i-plastiku-473-ml\/"},"modified":"2026-02-25T00:00:52","modified_gmt":"2026-02-25T00:00:52","slug":"star-brite-zastita-za-vinil-i-plastiku-473-ml","status":"publish","type":"product","link":"https:\/\/stoic-curie.212-227-153-4.plesk.page\/hr\/product\/star-brite-zastita-za-vinil-i-plastiku-473-ml\/","title":{"rendered":"Star Brite za\u0161tita za vinil i plastiku, 473 ml"},"content":{"rendered":"<p>Star Brite za\u0161tita za vinil i plastiku, 473 ml &#8211; <\/p>\n<p>\u2022 \u0160titi i vla\u017ei vinil, gumu i plasti\u010dne povr\u0161ine<br \/>\u2022 Odr\u017eava novi vinil u dobrom stanju; daje sjaj starom vinilu<br \/>\u2022 Raspr\u0161ite, obri\u0161ite vi\u0161ak; idealno za unutra\u0161njost automobila i gume<br \/>\u2022 UV inhibitori blokiraju \u0161tetne sun\u010deve zrake<br \/>\u2022 Poma\u017ee u sprje\u010davanju pucanja, izblijedjenja i promjene boje vinila<\/p>\n","protected":false},"excerpt":{"rendered":"<p>Star Brite za\u0161tita za vinil i plastiku, 473 ml &#8211; \u2022 \u0160titi i vla\u017ei vinil, gumu i plasti\u010dne povr\u0161ine\u2022 Odr\u017eava<\/p>\n","protected":false},"featured_media":5941129,"comment_status":"closed","ping_status":"closed","template":"","meta":[],"product_brand":[3436],"product_cat":[1628],"product_tag":[],"class_list":{"0":"post-3689168","1":"product","2":"type-product","3":"status-publish","4":"has-post-thumbnail","6":"product_brand-starbrite-hr","7":"product_cat-proizvodi-za-ciscenje","9":"first","10":"instock","11":"shipping-taxable","12":"purchasable","13":"product-type-simple"},"_links":{"self":[{"href":"https:\/\/stoic-curie.212-227-153-4.plesk.page\/hr\/wp-json\/wp\/v2\/product\/3689168","targetHints":{"allow":["GET"]}}],"collection":[{"href":"https:\/\/stoic-curie.212-227-153-4.plesk.page\/hr\/wp-json\/wp\/v2\/product"}],"about":[{"href":"https:\/\/stoic-curie.212-227-153-4.plesk.page\/hr\/wp-json\/wp\/v2\/types\/product"}],"replies":[{"embeddable":true,"href":"https:\/\/stoic-curie.212-227-153-4.plesk.page\/hr\/wp-json\/wp\/v2\/comments?post=3689168"}],"version-history":[{"count":0,"href":"https:\/\/stoic-curie.212-227-153-4.plesk.page\/hr\/wp-json\/wp\/v2\/product\/3689168\/revisions"}],"wp:featuredmedia":[{"embeddable":true,"href":"https:\/\/stoic-curie.212-227-153-4.plesk.page\/hr\/wp-json\/wp\/v2\/media\/5941129"}],"wp:attachment":[{"href":"https:\/\/stoic-curie.212-227-153-4.plesk.page\/hr\/wp-json\/wp\/v2\/media?parent=3689168"}],"wp:term":[{"taxonomy":"product_brand","embeddable":true,"href":"https:\/\/stoic-curie.212-227-153-4.plesk.page\/hr\/wp-json\/wp\/v2\/product_brand?post=3689168"},{"taxonomy":"product_cat","embeddable":true,"href":"https:\/\/stoic-curie.212-227-153-4.plesk.page\/hr\/wp-json\/wp\/v2\/product_cat?post=3689168"},{"taxonomy":"product_tag","embeddable":true,"href":"https:\/\/stoic-curie.212-227-153-4.plesk.page\/hr\/wp-json\/wp\/v2\/product_tag?post=3689168"}],"curies":[{"name":"wp","href":"https:\/\/api.w.org\/{rel}","templated":true}]}}