{"id":3689169,"date":"2025-10-13T13:37:10","date_gmt":"2025-10-13T17:37:10","guid":{"rendered":"https:\/\/stoic-curie.212-227-153-4.plesk.page\/product\/starbrite-cistac-za-jedra-500ml\/"},"modified":"2026-02-25T00:00:52","modified_gmt":"2026-02-25T00:00:52","slug":"starbrite-cistac-za-jedra-500ml","status":"publish","type":"product","link":"https:\/\/stoic-curie.212-227-153-4.plesk.page\/hr\/product\/starbrite-cistac-za-jedra-500ml\/","title":{"rendered":"Starbrite \u010dista\u010d za jedra, 500ml"},"content":{"rendered":"<p>Starbrite \u010dista\u010d za jedra, 500ml &#8211; <\/p>\n<p>\u2022 Koncentrirani biorazgradivi pripravak<br \/>\u2022 Uklanja prljav\u0161tinu, masno\u0107u i mrlje od plijesni<br \/>\u2022 Odli\u010dno za pokriva\u010de za \u010damce, Bimini tende i jedra<br \/>\u2022 Ne slabi tkaninu niti konac<br \/>\u2022 Tako\u0111er \u010disti najlon ili Dacron jedra<\/p>\n","protected":false},"excerpt":{"rendered":"<p>Starbrite \u010dista\u010d za jedra, 500ml &#8211; \u2022 Koncentrirani biorazgradivi pripravak\u2022 Uklanja prljav\u0161tinu, masno\u0107u i mrlje od plijesni\u2022 Odli\u010dno za pokriva\u010de<\/p>\n","protected":false},"featured_media":5941130,"comment_status":"closed","ping_status":"closed","template":"","meta":[],"product_brand":[3436],"product_cat":[1628],"product_tag":[],"class_list":{"0":"post-3689169","1":"product","2":"type-product","3":"status-publish","4":"has-post-thumbnail","6":"product_brand-starbrite-hr","7":"product_cat-proizvodi-za-ciscenje","9":"first","10":"instock","11":"shipping-taxable","12":"purchasable","13":"product-type-simple"},"_links":{"self":[{"href":"https:\/\/stoic-curie.212-227-153-4.plesk.page\/hr\/wp-json\/wp\/v2\/product\/3689169","targetHints":{"allow":["GET"]}}],"collection":[{"href":"https:\/\/stoic-curie.212-227-153-4.plesk.page\/hr\/wp-json\/wp\/v2\/product"}],"about":[{"href":"https:\/\/stoic-curie.212-227-153-4.plesk.page\/hr\/wp-json\/wp\/v2\/types\/product"}],"replies":[{"embeddable":true,"href":"https:\/\/stoic-curie.212-227-153-4.plesk.page\/hr\/wp-json\/wp\/v2\/comments?post=3689169"}],"version-history":[{"count":0,"href":"https:\/\/stoic-curie.212-227-153-4.plesk.page\/hr\/wp-json\/wp\/v2\/product\/3689169\/revisions"}],"wp:featuredmedia":[{"embeddable":true,"href":"https:\/\/stoic-curie.212-227-153-4.plesk.page\/hr\/wp-json\/wp\/v2\/media\/5941130"}],"wp:attachment":[{"href":"https:\/\/stoic-curie.212-227-153-4.plesk.page\/hr\/wp-json\/wp\/v2\/media?parent=3689169"}],"wp:term":[{"taxonomy":"product_brand","embeddable":true,"href":"https:\/\/stoic-curie.212-227-153-4.plesk.page\/hr\/wp-json\/wp\/v2\/product_brand?post=3689169"},{"taxonomy":"product_cat","embeddable":true,"href":"https:\/\/stoic-curie.212-227-153-4.plesk.page\/hr\/wp-json\/wp\/v2\/product_cat?post=3689169"},{"taxonomy":"product_tag","embeddable":true,"href":"https:\/\/stoic-curie.212-227-153-4.plesk.page\/hr\/wp-json\/wp\/v2\/product_tag?post=3689169"}],"curies":[{"name":"wp","href":"https:\/\/api.w.org\/{rel}","templated":true}]}}