{"id":3689171,"date":"2025-10-13T13:37:11","date_gmt":"2025-10-13T17:37:11","guid":{"rendered":"https:\/\/stoic-curie.212-227-153-4.plesk.page\/product\/amortizer-za-privezni-konop-model-unimer-smart-do-16-mm\/"},"modified":"2026-02-25T00:00:52","modified_gmt":"2026-02-25T00:00:52","slug":"amortizer-za-privezni-konop-model-unimer-smart-do-16-mm","status":"publish","type":"product","link":"https:\/\/stoic-curie.212-227-153-4.plesk.page\/hr\/product\/amortizer-za-privezni-konop-model-unimer-smart-do-16-mm\/","title":{"rendered":"Amortizer za privezni konop, model Unimer Smart do 16 mm"},"content":{"rendered":"<p>Amortizer za privezni konop, model Unimer Smart do 16 mm &#8211; <\/p>\n<p>Jaki elasti\u010dni materijal za privezne snubber koji spre\u010dava o\u0161te\u0107enja brodova apsorpcijom trenuta\u010dnih optere\u0107enja na konopcima za privez. Prodaje se u parovima. Kad god je potrebno. Proces sastavljanja ne zahtijeva slobodni krajnji dio konopa. U\u010dinak kompenzacije lako se mo\u017ee prilagoditi dodavanjem vi\u0161e kompenzatora na istom konopu.<\/p>\n","protected":false},"excerpt":{"rendered":"<p>Amortizer za privezni konop, model Unimer Smart do 16 mm &#8211; Jaki elasti\u010dni materijal za privezne snubber koji spre\u010dava o\u0161te\u0107enja<\/p>\n","protected":false},"featured_media":5936906,"comment_status":"closed","ping_status":"closed","template":"","meta":[],"product_brand":[3506],"product_cat":[1624],"product_tag":[],"class_list":{"0":"post-3689171","1":"product","2":"type-product","3":"status-publish","4":"has-post-thumbnail","6":"product_brand-unimer-hr","7":"product_cat-amortizeri-za-konope-za-vez","9":"first","10":"instock","11":"shipping-taxable","12":"purchasable","13":"product-type-simple"},"_links":{"self":[{"href":"https:\/\/stoic-curie.212-227-153-4.plesk.page\/hr\/wp-json\/wp\/v2\/product\/3689171","targetHints":{"allow":["GET"]}}],"collection":[{"href":"https:\/\/stoic-curie.212-227-153-4.plesk.page\/hr\/wp-json\/wp\/v2\/product"}],"about":[{"href":"https:\/\/stoic-curie.212-227-153-4.plesk.page\/hr\/wp-json\/wp\/v2\/types\/product"}],"replies":[{"embeddable":true,"href":"https:\/\/stoic-curie.212-227-153-4.plesk.page\/hr\/wp-json\/wp\/v2\/comments?post=3689171"}],"version-history":[{"count":0,"href":"https:\/\/stoic-curie.212-227-153-4.plesk.page\/hr\/wp-json\/wp\/v2\/product\/3689171\/revisions"}],"wp:featuredmedia":[{"embeddable":true,"href":"https:\/\/stoic-curie.212-227-153-4.plesk.page\/hr\/wp-json\/wp\/v2\/media\/5936906"}],"wp:attachment":[{"href":"https:\/\/stoic-curie.212-227-153-4.plesk.page\/hr\/wp-json\/wp\/v2\/media?parent=3689171"}],"wp:term":[{"taxonomy":"product_brand","embeddable":true,"href":"https:\/\/stoic-curie.212-227-153-4.plesk.page\/hr\/wp-json\/wp\/v2\/product_brand?post=3689171"},{"taxonomy":"product_cat","embeddable":true,"href":"https:\/\/stoic-curie.212-227-153-4.plesk.page\/hr\/wp-json\/wp\/v2\/product_cat?post=3689171"},{"taxonomy":"product_tag","embeddable":true,"href":"https:\/\/stoic-curie.212-227-153-4.plesk.page\/hr\/wp-json\/wp\/v2\/product_tag?post=3689171"}],"curies":[{"name":"wp","href":"https:\/\/api.w.org\/{rel}","templated":true}]}}