{"id":3689172,"date":"2025-10-13T13:37:11","date_gmt":"2025-10-13T17:37:11","guid":{"rendered":"https:\/\/stoic-curie.212-227-153-4.plesk.page\/product\/24v-rezervna-zarulja-za-kompas-riviera\/"},"modified":"2026-02-25T00:00:52","modified_gmt":"2026-02-25T00:00:52","slug":"24v-rezervna-zarulja-za-kompas-riviera","status":"publish","type":"product","link":"https:\/\/stoic-curie.212-227-153-4.plesk.page\/hr\/product\/24v-rezervna-zarulja-za-kompas-riviera\/","title":{"rendered":"24V rezervna \u017earulja za kompas Riviera"},"content":{"rendered":"<p>24V rezervna \u017earulja za kompas Riviera &#8211; <\/p>\n<p>Bela Zvezda B6W5 kompas od nehr\u0111aju\u0107eg \u010delika za monta\u017eu na palubi s ekranom protiv odsjaja i za\u0161titnim poklopcem. Standardna i visoka brzinska verzija za brze \u010damce. <br \/> \u2022 Ugra\u0111ena postavka kompenzacije <br \/> \u2022 Interni gimbal <br \/> \u2022 Rasvjeta: 24V (12V na zahtjev) <br \/> \u2022 O\u010digledni promjer karte 6\u201d &#8211; 150 mm <br \/> \u2022 Povratno \u010ditanje (graduacija karte 5\u00b0 &#8211; 2\u00b0) <br \/> \u2022 Za standardne i brze \u010damce <br \/> \u2022 Odobreno za plovila za u\u017eitak i komercijalna plovila do 150t <br \/> \u2022 Jamstvo 3 godine <br \/> * MED certifikat (ako je potrebno) treba zatra\u017eiti prije kupnje <\/p>\n","protected":false},"excerpt":{"rendered":"<p>24V rezervna \u017earulja za kompas Riviera &#8211; Bela Zvezda B6W5 kompas od nehr\u0111aju\u0107eg \u010delika za monta\u017eu na palubi s ekranom<\/p>\n","protected":false},"featured_media":5941177,"comment_status":"closed","ping_status":"closed","template":"","meta":[],"product_brand":[3306],"product_cat":[1780],"product_tag":[],"class_list":{"0":"post-3689172","1":"product","2":"type-product","3":"status-publish","4":"has-post-thumbnail","6":"product_brand-riviera-hr","7":"product_cat-navigacijski-kompas","9":"first","10":"instock","11":"shipping-taxable","12":"purchasable","13":"product-type-simple"},"_links":{"self":[{"href":"https:\/\/stoic-curie.212-227-153-4.plesk.page\/hr\/wp-json\/wp\/v2\/product\/3689172","targetHints":{"allow":["GET"]}}],"collection":[{"href":"https:\/\/stoic-curie.212-227-153-4.plesk.page\/hr\/wp-json\/wp\/v2\/product"}],"about":[{"href":"https:\/\/stoic-curie.212-227-153-4.plesk.page\/hr\/wp-json\/wp\/v2\/types\/product"}],"replies":[{"embeddable":true,"href":"https:\/\/stoic-curie.212-227-153-4.plesk.page\/hr\/wp-json\/wp\/v2\/comments?post=3689172"}],"version-history":[{"count":0,"href":"https:\/\/stoic-curie.212-227-153-4.plesk.page\/hr\/wp-json\/wp\/v2\/product\/3689172\/revisions"}],"wp:featuredmedia":[{"embeddable":true,"href":"https:\/\/stoic-curie.212-227-153-4.plesk.page\/hr\/wp-json\/wp\/v2\/media\/5941177"}],"wp:attachment":[{"href":"https:\/\/stoic-curie.212-227-153-4.plesk.page\/hr\/wp-json\/wp\/v2\/media?parent=3689172"}],"wp:term":[{"taxonomy":"product_brand","embeddable":true,"href":"https:\/\/stoic-curie.212-227-153-4.plesk.page\/hr\/wp-json\/wp\/v2\/product_brand?post=3689172"},{"taxonomy":"product_cat","embeddable":true,"href":"https:\/\/stoic-curie.212-227-153-4.plesk.page\/hr\/wp-json\/wp\/v2\/product_cat?post=3689172"},{"taxonomy":"product_tag","embeddable":true,"href":"https:\/\/stoic-curie.212-227-153-4.plesk.page\/hr\/wp-json\/wp\/v2\/product_tag?post=3689172"}],"curies":[{"name":"wp","href":"https:\/\/api.w.org\/{rel}","templated":true}]}}