{"id":3689178,"date":"2025-10-13T13:37:12","date_gmt":"2025-10-13T17:37:12","guid":{"rendered":"https:\/\/stoic-curie.212-227-153-4.plesk.page\/product\/set-aluminijskih-anoda-za-volvo-penta-sx\/"},"modified":"2026-02-25T00:00:52","modified_gmt":"2026-02-25T00:00:52","slug":"set-aluminijskih-anoda-za-volvo-penta-sx","status":"publish","type":"product","link":"https:\/\/stoic-curie.212-227-153-4.plesk.page\/hr\/product\/set-aluminijskih-anoda-za-volvo-penta-sx\/","title":{"rendered":"Set aluminijskih anoda za Volvo Penta SX"},"content":{"rendered":"<p>Set aluminijskih anoda za Volvo Penta SX &#8211; <\/p>\n<p>Martyr &#8220;Genuine Type&#8221; aluminijska M2 legura anodna oprema za Volvo Penta SX. \u00e2\u0080\u00a2 \u0160titi 50 % du\u017ee od tradicionalnih cinkovih anoda \u00e2\u0080\u00a2 Te\u017ei 50 % manje od tradicionalnih cinkovih anoda Set sadr\u017ei: 1 x 3855411 1 x 3854130<\/p>\n","protected":false},"excerpt":{"rendered":"<p>Set aluminijskih anoda za Volvo Penta SX &#8211; Martyr &#8220;Genuine Type&#8221; aluminijska M2 legura anodna oprema za Volvo Penta SX.<\/p>\n","protected":false},"featured_media":5941189,"comment_status":"closed","ping_status":"closed","template":"","meta":[],"product_brand":[3126],"product_cat":[1829],"product_tag":[],"class_list":{"0":"post-3689178","1":"product","2":"type-product","3":"status-publish","4":"has-post-thumbnail","6":"product_brand-martyr-hr","7":"product_cat-rezervni-dijelovi-za-motore-volvo-penta","9":"first","10":"instock","11":"shipping-taxable","12":"purchasable","13":"product-type-simple"},"_links":{"self":[{"href":"https:\/\/stoic-curie.212-227-153-4.plesk.page\/hr\/wp-json\/wp\/v2\/product\/3689178","targetHints":{"allow":["GET"]}}],"collection":[{"href":"https:\/\/stoic-curie.212-227-153-4.plesk.page\/hr\/wp-json\/wp\/v2\/product"}],"about":[{"href":"https:\/\/stoic-curie.212-227-153-4.plesk.page\/hr\/wp-json\/wp\/v2\/types\/product"}],"replies":[{"embeddable":true,"href":"https:\/\/stoic-curie.212-227-153-4.plesk.page\/hr\/wp-json\/wp\/v2\/comments?post=3689178"}],"version-history":[{"count":0,"href":"https:\/\/stoic-curie.212-227-153-4.plesk.page\/hr\/wp-json\/wp\/v2\/product\/3689178\/revisions"}],"wp:featuredmedia":[{"embeddable":true,"href":"https:\/\/stoic-curie.212-227-153-4.plesk.page\/hr\/wp-json\/wp\/v2\/media\/5941189"}],"wp:attachment":[{"href":"https:\/\/stoic-curie.212-227-153-4.plesk.page\/hr\/wp-json\/wp\/v2\/media?parent=3689178"}],"wp:term":[{"taxonomy":"product_brand","embeddable":true,"href":"https:\/\/stoic-curie.212-227-153-4.plesk.page\/hr\/wp-json\/wp\/v2\/product_brand?post=3689178"},{"taxonomy":"product_cat","embeddable":true,"href":"https:\/\/stoic-curie.212-227-153-4.plesk.page\/hr\/wp-json\/wp\/v2\/product_cat?post=3689178"},{"taxonomy":"product_tag","embeddable":true,"href":"https:\/\/stoic-curie.212-227-153-4.plesk.page\/hr\/wp-json\/wp\/v2\/product_tag?post=3689178"}],"curies":[{"name":"wp","href":"https:\/\/api.w.org\/{rel}","templated":true}]}}