{"id":3689189,"date":"2025-10-13T13:37:15","date_gmt":"2025-10-13T17:37:15","guid":{"rendered":"https:\/\/stoic-curie.212-227-153-4.plesk.page\/product\/southco-novibra-zasun-za-plocu-38x44-5mm-satenska-rucka\/"},"modified":"2026-02-25T00:00:52","modified_gmt":"2026-02-25T00:00:52","slug":"southco-novibra-zasun-za-plocu-38x44-5mm-satenska-rucka","status":"publish","type":"product","link":"https:\/\/stoic-curie.212-227-153-4.plesk.page\/hr\/product\/southco-novibra-zasun-za-plocu-38x44-5mm-satenska-rucka\/","title":{"rendered":"Southco Novibra zasun za plo\u010du 38&#215;44.5mm satenska ru\u010dka"},"content":{"rendered":"<p>Southco Novibra zasun za plo\u010du 38&#215;44.5mm satenska ru\u010dka &#8211; <\/p>\n<p>Novibra panela zaklju\u010davanje za vrata, otvore, ladice, ormari\u0107e i sli\u010dne primjene. Brza i jednostavna instalacija, poma\u017ee u uklanjanju buke uzrokovane vibracijama motora. Vodootporna prednja strana, tijelo otporno na koroziju i UV zra\u010denje od PC\/ABS.<\/p>\n","protected":false},"excerpt":{"rendered":"<p>Southco Novibra zasun za plo\u010du 38&#215;44.5mm satenska ru\u010dka &#8211; Novibra panela zaklju\u010davanje za vrata, otvore, ladice, ormari\u0107e i sli\u010dne primjene.<\/p>\n","protected":false},"featured_media":5941208,"comment_status":"closed","ping_status":"closed","template":"","meta":[],"product_brand":[3416],"product_cat":[1687,1710],"product_tag":[],"class_list":{"0":"post-3689189","1":"product","2":"type-product","3":"status-publish","4":"has-post-thumbnail","6":"product_brand-southco-mobella-hr","7":"product_cat-brodski-zasuni","8":"product_cat-pribor-za-brodske-kabine","10":"first","11":"instock","12":"shipping-taxable","13":"purchasable","14":"product-type-simple"},"_links":{"self":[{"href":"https:\/\/stoic-curie.212-227-153-4.plesk.page\/hr\/wp-json\/wp\/v2\/product\/3689189","targetHints":{"allow":["GET"]}}],"collection":[{"href":"https:\/\/stoic-curie.212-227-153-4.plesk.page\/hr\/wp-json\/wp\/v2\/product"}],"about":[{"href":"https:\/\/stoic-curie.212-227-153-4.plesk.page\/hr\/wp-json\/wp\/v2\/types\/product"}],"replies":[{"embeddable":true,"href":"https:\/\/stoic-curie.212-227-153-4.plesk.page\/hr\/wp-json\/wp\/v2\/comments?post=3689189"}],"version-history":[{"count":0,"href":"https:\/\/stoic-curie.212-227-153-4.plesk.page\/hr\/wp-json\/wp\/v2\/product\/3689189\/revisions"}],"wp:featuredmedia":[{"embeddable":true,"href":"https:\/\/stoic-curie.212-227-153-4.plesk.page\/hr\/wp-json\/wp\/v2\/media\/5941208"}],"wp:attachment":[{"href":"https:\/\/stoic-curie.212-227-153-4.plesk.page\/hr\/wp-json\/wp\/v2\/media?parent=3689189"}],"wp:term":[{"taxonomy":"product_brand","embeddable":true,"href":"https:\/\/stoic-curie.212-227-153-4.plesk.page\/hr\/wp-json\/wp\/v2\/product_brand?post=3689189"},{"taxonomy":"product_cat","embeddable":true,"href":"https:\/\/stoic-curie.212-227-153-4.plesk.page\/hr\/wp-json\/wp\/v2\/product_cat?post=3689189"},{"taxonomy":"product_tag","embeddable":true,"href":"https:\/\/stoic-curie.212-227-153-4.plesk.page\/hr\/wp-json\/wp\/v2\/product_tag?post=3689189"}],"curies":[{"name":"wp","href":"https:\/\/api.w.org\/{rel}","templated":true}]}}