{"id":3689191,"date":"2025-10-13T13:37:15","date_gmt":"2025-10-13T17:37:15","guid":{"rendered":"https:\/\/stoic-curie.212-227-153-4.plesk.page\/product\/bw-automatska-kaljuzna-pumpa-500-gph-12v\/"},"modified":"2026-02-25T00:00:52","modified_gmt":"2026-02-25T00:00:52","slug":"bw-automatska-kaljuzna-pumpa-500-gph-12v","status":"publish","type":"product","link":"https:\/\/stoic-curie.212-227-153-4.plesk.page\/hr\/product\/bw-automatska-kaljuzna-pumpa-500-gph-12v\/","title":{"rendered":"BW automatska kalju\u017ena pumpa 500 gph 12V"},"content":{"rendered":"<p>BW automatska kalju\u017ena pumpa 500 gph 12V &#8211; <\/p>\n<p>BW automatska pumpa za izbacivanje vode, koja se automatski aktivira kada se otkrije voda u trupu. Vodom hla\u0111eni elektri\u010dni motor za pove\u0107anu izdr\u017eljivost. Osnova filtra mo\u017ee se otvoriti radi lak\u0161eg \u010di\u0161\u0107enja.<\/p>\n","protected":false},"excerpt":{"rendered":"<p>BW automatska kalju\u017ena pumpa 500 gph 12V &#8211; BW automatska pumpa za izbacivanje vode, koja se automatski aktivira kada se<\/p>\n","protected":false},"featured_media":5941221,"comment_status":"closed","ping_status":"closed","template":"","meta":[],"product_brand":[3046],"product_cat":[1659],"product_tag":[],"class_list":{"0":"post-3689191","1":"product","2":"type-product","3":"status-publish","4":"has-post-thumbnail","6":"product_brand-johnson-marine-hr","7":"product_cat-elektricne-kaljuzne-pumpe","9":"first","10":"instock","11":"shipping-taxable","12":"purchasable","13":"product-type-simple"},"_links":{"self":[{"href":"https:\/\/stoic-curie.212-227-153-4.plesk.page\/hr\/wp-json\/wp\/v2\/product\/3689191","targetHints":{"allow":["GET"]}}],"collection":[{"href":"https:\/\/stoic-curie.212-227-153-4.plesk.page\/hr\/wp-json\/wp\/v2\/product"}],"about":[{"href":"https:\/\/stoic-curie.212-227-153-4.plesk.page\/hr\/wp-json\/wp\/v2\/types\/product"}],"replies":[{"embeddable":true,"href":"https:\/\/stoic-curie.212-227-153-4.plesk.page\/hr\/wp-json\/wp\/v2\/comments?post=3689191"}],"version-history":[{"count":0,"href":"https:\/\/stoic-curie.212-227-153-4.plesk.page\/hr\/wp-json\/wp\/v2\/product\/3689191\/revisions"}],"wp:featuredmedia":[{"embeddable":true,"href":"https:\/\/stoic-curie.212-227-153-4.plesk.page\/hr\/wp-json\/wp\/v2\/media\/5941221"}],"wp:attachment":[{"href":"https:\/\/stoic-curie.212-227-153-4.plesk.page\/hr\/wp-json\/wp\/v2\/media?parent=3689191"}],"wp:term":[{"taxonomy":"product_brand","embeddable":true,"href":"https:\/\/stoic-curie.212-227-153-4.plesk.page\/hr\/wp-json\/wp\/v2\/product_brand?post=3689191"},{"taxonomy":"product_cat","embeddable":true,"href":"https:\/\/stoic-curie.212-227-153-4.plesk.page\/hr\/wp-json\/wp\/v2\/product_cat?post=3689191"},{"taxonomy":"product_tag","embeddable":true,"href":"https:\/\/stoic-curie.212-227-153-4.plesk.page\/hr\/wp-json\/wp\/v2\/product_tag?post=3689191"}],"curies":[{"name":"wp","href":"https:\/\/api.w.org\/{rel}","templated":true}]}}