{"id":3689193,"date":"2025-10-13T13:37:16","date_gmt":"2025-10-13T17:37:16","guid":{"rendered":"https:\/\/stoic-curie.212-227-153-4.plesk.page\/product\/palubna-bitva-model-skandia-205mm-nehrdajuci-celik\/"},"modified":"2026-02-25T00:00:52","modified_gmt":"2026-02-25T00:00:52","slug":"palubna-bitva-model-skandia-205mm-nehrdajuci-celik","status":"publish","type":"product","link":"https:\/\/stoic-curie.212-227-153-4.plesk.page\/hr\/product\/palubna-bitva-model-skandia-205mm-nehrdajuci-celik\/","title":{"rendered":"Palubna bitva model Skandia, 205mm, nehr\u0111aju\u0107i \u010delik"},"content":{"rendered":"<p>Palubna bitva model Skandia, 205mm, nehr\u0111aju\u0107i \u010delik &#8211; <\/p>\n<p>Ravna \u010de\u0161ka od nehr\u0111aju\u0107eg \u010delika 316, oblikovana poput nakovnja, s poliranim ogledalom. 2 skrivene metri\u010dke rupe za vijake, uska baza. Mo\u017ee se montirati u uskim prostorima.<\/p>\n","protected":false},"excerpt":{"rendered":"<p>Palubna bitva model Skandia, 205mm, nehr\u0111aju\u0107i \u010delik &#8211; Ravna \u010de\u0161ka od nehr\u0111aju\u0107eg \u010delika 316, oblikovana poput nakovnja, s poliranim ogledalom.<\/p>\n","protected":false},"featured_media":5941242,"comment_status":"closed","ping_status":"closed","template":"","meta":[],"product_brand":[3121],"product_cat":[1704],"product_tag":[],"class_list":{"0":"post-3689193","1":"product","2":"type-product","3":"status-publish","4":"has-post-thumbnail","6":"product_brand-marinetech-hr","7":"product_cat-palubne-kljune","9":"first","10":"instock","11":"shipping-taxable","12":"purchasable","13":"product-type-simple"},"_links":{"self":[{"href":"https:\/\/stoic-curie.212-227-153-4.plesk.page\/hr\/wp-json\/wp\/v2\/product\/3689193","targetHints":{"allow":["GET"]}}],"collection":[{"href":"https:\/\/stoic-curie.212-227-153-4.plesk.page\/hr\/wp-json\/wp\/v2\/product"}],"about":[{"href":"https:\/\/stoic-curie.212-227-153-4.plesk.page\/hr\/wp-json\/wp\/v2\/types\/product"}],"replies":[{"embeddable":true,"href":"https:\/\/stoic-curie.212-227-153-4.plesk.page\/hr\/wp-json\/wp\/v2\/comments?post=3689193"}],"version-history":[{"count":0,"href":"https:\/\/stoic-curie.212-227-153-4.plesk.page\/hr\/wp-json\/wp\/v2\/product\/3689193\/revisions"}],"wp:featuredmedia":[{"embeddable":true,"href":"https:\/\/stoic-curie.212-227-153-4.plesk.page\/hr\/wp-json\/wp\/v2\/media\/5941242"}],"wp:attachment":[{"href":"https:\/\/stoic-curie.212-227-153-4.plesk.page\/hr\/wp-json\/wp\/v2\/media?parent=3689193"}],"wp:term":[{"taxonomy":"product_brand","embeddable":true,"href":"https:\/\/stoic-curie.212-227-153-4.plesk.page\/hr\/wp-json\/wp\/v2\/product_brand?post=3689193"},{"taxonomy":"product_cat","embeddable":true,"href":"https:\/\/stoic-curie.212-227-153-4.plesk.page\/hr\/wp-json\/wp\/v2\/product_cat?post=3689193"},{"taxonomy":"product_tag","embeddable":true,"href":"https:\/\/stoic-curie.212-227-153-4.plesk.page\/hr\/wp-json\/wp\/v2\/product_tag?post=3689193"}],"curies":[{"name":"wp","href":"https:\/\/api.w.org\/{rel}","templated":true}]}}