{"id":3689196,"date":"2025-10-13T13:37:17","date_gmt":"2025-10-13T17:37:17","guid":{"rendered":"https:\/\/stoic-curie.212-227-153-4.plesk.page\/product\/sklopiva-bitva-155mm-nehrdajuceg-celika\/"},"modified":"2026-02-25T00:00:52","modified_gmt":"2026-02-25T00:00:52","slug":"sklopiva-bitva-155mm-nehrdajuceg-celika","status":"publish","type":"product","link":"https:\/\/stoic-curie.212-227-153-4.plesk.page\/hr\/product\/sklopiva-bitva-155mm-nehrdajuceg-celika\/","title":{"rendered":"Sklopiva bitva 155mm nehr\u0111aju\u0107eg \u010delika"},"content":{"rendered":"<p>Sklopiva bitva 155mm nehr\u0111aju\u0107eg \u010delika &#8211; <\/p>\n<p>Sklopivi polirani morski \u010dep od nehr\u0111aju\u0107eg \u010delika. Monta\u017ea s kroz vijakom. Ne zahtijeva utor i mo\u017ee se spustiti savijanjem.<\/p>\n","protected":false},"excerpt":{"rendered":"<p>Sklopiva bitva 155mm nehr\u0111aju\u0107eg \u010delika &#8211; Sklopivi polirani morski \u010dep od nehr\u0111aju\u0107eg \u010delika. Monta\u017ea s kroz vijakom. Ne zahtijeva utor<\/p>\n","protected":false},"featured_media":5941243,"comment_status":"closed","ping_status":"closed","template":"","meta":[],"product_brand":[2946],"product_cat":[1704],"product_tag":[],"class_list":{"0":"post-3689196","1":"product","2":"type-product","3":"status-publish","4":"has-post-thumbnail","6":"product_brand-foresti-suardi-hr","7":"product_cat-palubne-kljune","9":"first","10":"instock","11":"shipping-taxable","12":"purchasable","13":"product-type-simple"},"_links":{"self":[{"href":"https:\/\/stoic-curie.212-227-153-4.plesk.page\/hr\/wp-json\/wp\/v2\/product\/3689196","targetHints":{"allow":["GET"]}}],"collection":[{"href":"https:\/\/stoic-curie.212-227-153-4.plesk.page\/hr\/wp-json\/wp\/v2\/product"}],"about":[{"href":"https:\/\/stoic-curie.212-227-153-4.plesk.page\/hr\/wp-json\/wp\/v2\/types\/product"}],"replies":[{"embeddable":true,"href":"https:\/\/stoic-curie.212-227-153-4.plesk.page\/hr\/wp-json\/wp\/v2\/comments?post=3689196"}],"version-history":[{"count":0,"href":"https:\/\/stoic-curie.212-227-153-4.plesk.page\/hr\/wp-json\/wp\/v2\/product\/3689196\/revisions"}],"wp:featuredmedia":[{"embeddable":true,"href":"https:\/\/stoic-curie.212-227-153-4.plesk.page\/hr\/wp-json\/wp\/v2\/media\/5941243"}],"wp:attachment":[{"href":"https:\/\/stoic-curie.212-227-153-4.plesk.page\/hr\/wp-json\/wp\/v2\/media?parent=3689196"}],"wp:term":[{"taxonomy":"product_brand","embeddable":true,"href":"https:\/\/stoic-curie.212-227-153-4.plesk.page\/hr\/wp-json\/wp\/v2\/product_brand?post=3689196"},{"taxonomy":"product_cat","embeddable":true,"href":"https:\/\/stoic-curie.212-227-153-4.plesk.page\/hr\/wp-json\/wp\/v2\/product_cat?post=3689196"},{"taxonomy":"product_tag","embeddable":true,"href":"https:\/\/stoic-curie.212-227-153-4.plesk.page\/hr\/wp-json\/wp\/v2\/product_tag?post=3689196"}],"curies":[{"name":"wp","href":"https:\/\/api.w.org\/{rel}","templated":true}]}}