{"id":3689202,"date":"2025-10-13T13:37:18","date_gmt":"2025-10-13T17:37:18","guid":{"rendered":"https:\/\/stoic-curie.212-227-153-4.plesk.page\/product\/polikarbonatna-led-stropna-svjetiljka-12v-90-mm\/"},"modified":"2026-02-25T00:00:52","modified_gmt":"2026-02-25T00:00:52","slug":"polikarbonatna-led-stropna-svjetiljka-12v-90-mm","status":"publish","type":"product","link":"https:\/\/stoic-curie.212-227-153-4.plesk.page\/hr\/product\/polikarbonatna-led-stropna-svjetiljka-12v-90-mm\/","title":{"rendered":"Polikarbonatna LED stropna svjetiljka 12V 90 mm"},"content":{"rendered":"<p>Polikarbonatna LED stropna svjetiljka 12V 90 mm &#8211; <\/p>\n<p>Ku\u0107i\u0161te od ABS-a i le\u0107a od polikarbonata IP67 vodootporna 12V LED kupolna svjetla. Mo\u017ee se koristiti kao svjetlo na krmenici, u kokpitu, docku ili kao Fly Bridge svjetlo. Smanjena potro\u0161nja od 2W. Topla bijela svjetlost 3000 K\u00b0.<\/p>\n","protected":false},"excerpt":{"rendered":"<p>Polikarbonatna LED stropna svjetiljka 12V 90 mm &#8211; Ku\u0107i\u0161te od ABS-a i le\u0107a od polikarbonata IP67 vodootporna 12V LED kupolna<\/p>\n","protected":false},"featured_media":5941254,"comment_status":"closed","ping_status":"closed","template":"","meta":[],"product_brand":[3221],"product_cat":[1739],"product_tag":[],"class_list":{"0":"post-3689202","1":"product","2":"type-product","3":"status-publish","4":"has-post-thumbnail","6":"product_brand-oceanled-hr","7":"product_cat-rasvjeta","9":"first","10":"instock","11":"shipping-taxable","12":"purchasable","13":"product-type-simple"},"_links":{"self":[{"href":"https:\/\/stoic-curie.212-227-153-4.plesk.page\/hr\/wp-json\/wp\/v2\/product\/3689202","targetHints":{"allow":["GET"]}}],"collection":[{"href":"https:\/\/stoic-curie.212-227-153-4.plesk.page\/hr\/wp-json\/wp\/v2\/product"}],"about":[{"href":"https:\/\/stoic-curie.212-227-153-4.plesk.page\/hr\/wp-json\/wp\/v2\/types\/product"}],"replies":[{"embeddable":true,"href":"https:\/\/stoic-curie.212-227-153-4.plesk.page\/hr\/wp-json\/wp\/v2\/comments?post=3689202"}],"version-history":[{"count":0,"href":"https:\/\/stoic-curie.212-227-153-4.plesk.page\/hr\/wp-json\/wp\/v2\/product\/3689202\/revisions"}],"wp:featuredmedia":[{"embeddable":true,"href":"https:\/\/stoic-curie.212-227-153-4.plesk.page\/hr\/wp-json\/wp\/v2\/media\/5941254"}],"wp:attachment":[{"href":"https:\/\/stoic-curie.212-227-153-4.plesk.page\/hr\/wp-json\/wp\/v2\/media?parent=3689202"}],"wp:term":[{"taxonomy":"product_brand","embeddable":true,"href":"https:\/\/stoic-curie.212-227-153-4.plesk.page\/hr\/wp-json\/wp\/v2\/product_brand?post=3689202"},{"taxonomy":"product_cat","embeddable":true,"href":"https:\/\/stoic-curie.212-227-153-4.plesk.page\/hr\/wp-json\/wp\/v2\/product_cat?post=3689202"},{"taxonomy":"product_tag","embeddable":true,"href":"https:\/\/stoic-curie.212-227-153-4.plesk.page\/hr\/wp-json\/wp\/v2\/product_tag?post=3689202"}],"curies":[{"name":"wp","href":"https:\/\/api.w.org\/{rel}","templated":true}]}}