{"id":3689206,"date":"2025-10-13T13:37:19","date_gmt":"2025-10-13T17:37:19","guid":{"rendered":"https:\/\/stoic-curie.212-227-153-4.plesk.page\/product\/skrivene-sigurnosne-ljestve-3-1-stepenice-straznja-matica\/"},"modified":"2026-02-25T00:00:52","modified_gmt":"2026-02-25T00:00:52","slug":"skrivene-sigurnosne-ljestve-3-1-stepenice-straznja-matica","status":"publish","type":"product","link":"https:\/\/stoic-curie.212-227-153-4.plesk.page\/hr\/product\/skrivene-sigurnosne-ljestve-3-1-stepenice-straznja-matica\/","title":{"rendered":"Skrivene sigurnosne ljestve 3 + 1 stepenice, stra\u017enja matica"},"content":{"rendered":"<p>Skrivene sigurnosne ljestve 3 + 1 stepenice, stra\u017enja matica &#8211; <\/p>\n<p>Struktura od najlonske pletenice s skrivenim nu\u017enim ljestvama s 3 visoko otporne termopolimerne stepenice i jednom dr\u0161kom. Treba je instalirati iznad vodene linije u udubljenu vodonepropusnu ku\u0107i\u0161tu od termopolimera. Vrlo jednostavno za kori\u0161tenje: osoba koja padne preko palube povla\u010di prsten brava kako bi ispustila ljestve.<\/p>\n","protected":false},"excerpt":{"rendered":"<p>Skrivene sigurnosne ljestve 3 + 1 stepenice, stra\u017enja matica &#8211; Struktura od najlonske pletenice s skrivenim nu\u017enim ljestvama s 3<\/p>\n","protected":false},"featured_media":5941260,"comment_status":"closed","ping_status":"closed","template":"","meta":[],"product_brand":[2861],"product_cat":[1618],"product_tag":[],"class_list":{"0":"post-3689206","1":"product","2":"type-product","3":"status-publish","4":"has-post-thumbnail","6":"product_brand-ceredi-hr","7":"product_cat-ljestve-za-brodove","9":"first","10":"instock","11":"shipping-taxable","12":"purchasable","13":"product-type-simple"},"_links":{"self":[{"href":"https:\/\/stoic-curie.212-227-153-4.plesk.page\/hr\/wp-json\/wp\/v2\/product\/3689206","targetHints":{"allow":["GET"]}}],"collection":[{"href":"https:\/\/stoic-curie.212-227-153-4.plesk.page\/hr\/wp-json\/wp\/v2\/product"}],"about":[{"href":"https:\/\/stoic-curie.212-227-153-4.plesk.page\/hr\/wp-json\/wp\/v2\/types\/product"}],"replies":[{"embeddable":true,"href":"https:\/\/stoic-curie.212-227-153-4.plesk.page\/hr\/wp-json\/wp\/v2\/comments?post=3689206"}],"version-history":[{"count":0,"href":"https:\/\/stoic-curie.212-227-153-4.plesk.page\/hr\/wp-json\/wp\/v2\/product\/3689206\/revisions"}],"wp:featuredmedia":[{"embeddable":true,"href":"https:\/\/stoic-curie.212-227-153-4.plesk.page\/hr\/wp-json\/wp\/v2\/media\/5941260"}],"wp:attachment":[{"href":"https:\/\/stoic-curie.212-227-153-4.plesk.page\/hr\/wp-json\/wp\/v2\/media?parent=3689206"}],"wp:term":[{"taxonomy":"product_brand","embeddable":true,"href":"https:\/\/stoic-curie.212-227-153-4.plesk.page\/hr\/wp-json\/wp\/v2\/product_brand?post=3689206"},{"taxonomy":"product_cat","embeddable":true,"href":"https:\/\/stoic-curie.212-227-153-4.plesk.page\/hr\/wp-json\/wp\/v2\/product_cat?post=3689206"},{"taxonomy":"product_tag","embeddable":true,"href":"https:\/\/stoic-curie.212-227-153-4.plesk.page\/hr\/wp-json\/wp\/v2\/product_tag?post=3689206"}],"curies":[{"name":"wp","href":"https:\/\/api.w.org\/{rel}","templated":true}]}}