{"id":3689209,"date":"2025-10-13T13:37:20","date_gmt":"2025-10-13T17:37:20","guid":{"rendered":"https:\/\/stoic-curie.212-227-153-4.plesk.page\/product\/regulator-punjenja-za-solarne-panele-120-240wat-1-baterija\/"},"modified":"2026-02-25T00:00:52","modified_gmt":"2026-02-25T00:00:52","slug":"regulator-punjenja-za-solarne-panele-120-240wat-1-baterija","status":"publish","type":"product","link":"https:\/\/stoic-curie.212-227-153-4.plesk.page\/hr\/product\/regulator-punjenja-za-solarne-panele-120-240wat-1-baterija\/","title":{"rendered":"Regulator punjenja za solarne panele 120\/240wat 1 baterija"},"content":{"rendered":"<p>Regulator punjenja za solarne panele 120\/240wat 1 baterija &#8211; <\/p>\n<p>Solarni regulator punjenja za fotonaponske panele i sustave. 3-stupanjsko punjenje s PWM tehnologijom za ispravnu prijenos struje s panela na dva baterijska banke. Pogodno za sve olovne baterije, uklju\u010duju\u0107i AGM i gel. Nije kompatibilno s litij i NiMH baterijama. Dolazi s LED prikazom, dvostrukim 2A USB priklju\u010dkom, tipkom za postavljanje punjenja i MOS krugom koji \u0161titi regulator od kratkog spoja, prenapona i obrnute polariteta.<\/p>\n","protected":false},"excerpt":{"rendered":"<p>Regulator punjenja za solarne panele 120\/240wat 1 baterija &#8211; Solarni regulator punjenja za fotonaponske panele i sustave. 3-stupanjsko punjenje s<\/p>\n","protected":false},"featured_media":5941273,"comment_status":"closed","ping_status":"closed","template":"","meta":[],"product_brand":[2831],"product_cat":[1749],"product_tag":[],"class_list":{"0":"post-3689209","1":"product","2":"type-product","3":"status-publish","4":"has-post-thumbnail","6":"product_brand-blue-sea-systems-hr","7":"product_cat-solarni-paneli","9":"first","10":"instock","11":"shipping-taxable","12":"purchasable","13":"product-type-simple"},"_links":{"self":[{"href":"https:\/\/stoic-curie.212-227-153-4.plesk.page\/hr\/wp-json\/wp\/v2\/product\/3689209","targetHints":{"allow":["GET"]}}],"collection":[{"href":"https:\/\/stoic-curie.212-227-153-4.plesk.page\/hr\/wp-json\/wp\/v2\/product"}],"about":[{"href":"https:\/\/stoic-curie.212-227-153-4.plesk.page\/hr\/wp-json\/wp\/v2\/types\/product"}],"replies":[{"embeddable":true,"href":"https:\/\/stoic-curie.212-227-153-4.plesk.page\/hr\/wp-json\/wp\/v2\/comments?post=3689209"}],"version-history":[{"count":0,"href":"https:\/\/stoic-curie.212-227-153-4.plesk.page\/hr\/wp-json\/wp\/v2\/product\/3689209\/revisions"}],"wp:featuredmedia":[{"embeddable":true,"href":"https:\/\/stoic-curie.212-227-153-4.plesk.page\/hr\/wp-json\/wp\/v2\/media\/5941273"}],"wp:attachment":[{"href":"https:\/\/stoic-curie.212-227-153-4.plesk.page\/hr\/wp-json\/wp\/v2\/media?parent=3689209"}],"wp:term":[{"taxonomy":"product_brand","embeddable":true,"href":"https:\/\/stoic-curie.212-227-153-4.plesk.page\/hr\/wp-json\/wp\/v2\/product_brand?post=3689209"},{"taxonomy":"product_cat","embeddable":true,"href":"https:\/\/stoic-curie.212-227-153-4.plesk.page\/hr\/wp-json\/wp\/v2\/product_cat?post=3689209"},{"taxonomy":"product_tag","embeddable":true,"href":"https:\/\/stoic-curie.212-227-153-4.plesk.page\/hr\/wp-json\/wp\/v2\/product_tag?post=3689209"}],"curies":[{"name":"wp","href":"https:\/\/api.w.org\/{rel}","templated":true}]}}