{"id":3689210,"date":"2025-10-13T13:37:21","date_gmt":"2025-10-13T17:37:21","guid":{"rendered":"https:\/\/stoic-curie.212-227-153-4.plesk.page\/product\/torba-za-podigace-20x35cm\/"},"modified":"2026-02-25T00:00:52","modified_gmt":"2026-02-25T00:00:52","slug":"torba-za-podigace-20x35cm","status":"publish","type":"product","link":"https:\/\/stoic-curie.212-227-153-4.plesk.page\/hr\/product\/torba-za-podigace-20x35cm\/","title":{"rendered":"Torba za podigace 20x35cm"},"content":{"rendered":"<p>Torba za podigace 20x35cm &#8211; <\/p>\n<p>Vre\u0107a od mre\u017ee s brzim zatvaranjem i kuka za monta\u017eu. Idealan za pohranu u\u017eadi i krpa. Omogu\u0107uje jednostavno su\u0161enje mokrih u\u017eadi, ru\u010dnika itd.<\/p>\n","protected":false},"excerpt":{"rendered":"<p>Torba za podigace 20x35cm &#8211; Vre\u0107a od mre\u017ee s brzim zatvaranjem i kuka za monta\u017eu. Idealan za pohranu u\u017eadi i<\/p>\n","protected":false},"featured_media":5939657,"comment_status":"closed","ping_status":"closed","template":"","meta":[],"product_brand":[3236],"product_cat":[1644,1768],"product_tag":[],"class_list":{"0":"post-3689210","1":"product","2":"type-product","3":"status-publish","4":"has-post-thumbnail","6":"product_brand-osculati-hr","7":"product_cat-pribor-za-spremista","8":"product_cat-skote-i-podigaci-jedara","10":"first","11":"instock","12":"shipping-taxable","13":"purchasable","14":"product-type-simple"},"_links":{"self":[{"href":"https:\/\/stoic-curie.212-227-153-4.plesk.page\/hr\/wp-json\/wp\/v2\/product\/3689210","targetHints":{"allow":["GET"]}}],"collection":[{"href":"https:\/\/stoic-curie.212-227-153-4.plesk.page\/hr\/wp-json\/wp\/v2\/product"}],"about":[{"href":"https:\/\/stoic-curie.212-227-153-4.plesk.page\/hr\/wp-json\/wp\/v2\/types\/product"}],"replies":[{"embeddable":true,"href":"https:\/\/stoic-curie.212-227-153-4.plesk.page\/hr\/wp-json\/wp\/v2\/comments?post=3689210"}],"version-history":[{"count":0,"href":"https:\/\/stoic-curie.212-227-153-4.plesk.page\/hr\/wp-json\/wp\/v2\/product\/3689210\/revisions"}],"wp:featuredmedia":[{"embeddable":true,"href":"https:\/\/stoic-curie.212-227-153-4.plesk.page\/hr\/wp-json\/wp\/v2\/media\/5939657"}],"wp:attachment":[{"href":"https:\/\/stoic-curie.212-227-153-4.plesk.page\/hr\/wp-json\/wp\/v2\/media?parent=3689210"}],"wp:term":[{"taxonomy":"product_brand","embeddable":true,"href":"https:\/\/stoic-curie.212-227-153-4.plesk.page\/hr\/wp-json\/wp\/v2\/product_brand?post=3689210"},{"taxonomy":"product_cat","embeddable":true,"href":"https:\/\/stoic-curie.212-227-153-4.plesk.page\/hr\/wp-json\/wp\/v2\/product_cat?post=3689210"},{"taxonomy":"product_tag","embeddable":true,"href":"https:\/\/stoic-curie.212-227-153-4.plesk.page\/hr\/wp-json\/wp\/v2\/product_tag?post=3689210"}],"curies":[{"name":"wp","href":"https:\/\/api.w.org\/{rel}","templated":true}]}}