{"id":3689211,"date":"2025-10-13T13:37:21","date_gmt":"2025-10-13T17:37:21","guid":{"rendered":"https:\/\/stoic-curie.212-227-153-4.plesk.page\/product\/ugradbeno-kuciste-za-tus-98-x-143-mm\/"},"modified":"2026-02-25T00:00:52","modified_gmt":"2026-02-25T00:00:52","slug":"ugradbeno-kuciste-za-tus-98-x-143-mm","status":"publish","type":"product","link":"https:\/\/stoic-curie.212-227-153-4.plesk.page\/hr\/product\/ugradbeno-kuciste-za-tus-98-x-143-mm\/","title":{"rendered":"Ugradbeno ku\u010di\u0161te za tu\u0161 98 x 143 mm"},"content":{"rendered":"<p>Ugradbeno ku\u010di\u0161te za tu\u0161 98 x 143 mm &#8211; <\/p>\n<p>Ugradni tu\u0161 glava i ka\u0161ica za tolu\/kupu vodu od UV otpornog, \u010dvrstog plasti\u010dnog materijala. Univerzalna vertikalna ili horizontalna monta\u017ea. Recess rupu 70 x 115 mm &#8211; Vanjske dimenzije 98 x 143 mm &#8211; Dubina 73 mm. Dovr\u0161iti s T mikserom, tu\u0161 glavom i fleksibilnom cijevi.<\/p>\n","protected":false},"excerpt":{"rendered":"<p>Ugradbeno ku\u010di\u0161te za tu\u0161 98 x 143 mm &#8211; Ugradni tu\u0161 glava i ka\u0161ica za tolu\/kupu vodu od UV otpornog,<\/p>\n","protected":false},"featured_media":5941274,"comment_status":"closed","ping_status":"closed","template":"","meta":[],"product_brand":[2856],"product_cat":[1652],"product_tag":[],"class_list":{"0":"post-3689211","1":"product","2":"type-product","3":"status-publish","4":"has-post-thumbnail","6":"product_brand-can-marine-hr","7":"product_cat-brodski-tusevi","9":"first","10":"instock","11":"shipping-taxable","12":"purchasable","13":"product-type-simple"},"_links":{"self":[{"href":"https:\/\/stoic-curie.212-227-153-4.plesk.page\/hr\/wp-json\/wp\/v2\/product\/3689211","targetHints":{"allow":["GET"]}}],"collection":[{"href":"https:\/\/stoic-curie.212-227-153-4.plesk.page\/hr\/wp-json\/wp\/v2\/product"}],"about":[{"href":"https:\/\/stoic-curie.212-227-153-4.plesk.page\/hr\/wp-json\/wp\/v2\/types\/product"}],"replies":[{"embeddable":true,"href":"https:\/\/stoic-curie.212-227-153-4.plesk.page\/hr\/wp-json\/wp\/v2\/comments?post=3689211"}],"version-history":[{"count":0,"href":"https:\/\/stoic-curie.212-227-153-4.plesk.page\/hr\/wp-json\/wp\/v2\/product\/3689211\/revisions"}],"wp:featuredmedia":[{"embeddable":true,"href":"https:\/\/stoic-curie.212-227-153-4.plesk.page\/hr\/wp-json\/wp\/v2\/media\/5941274"}],"wp:attachment":[{"href":"https:\/\/stoic-curie.212-227-153-4.plesk.page\/hr\/wp-json\/wp\/v2\/media?parent=3689211"}],"wp:term":[{"taxonomy":"product_brand","embeddable":true,"href":"https:\/\/stoic-curie.212-227-153-4.plesk.page\/hr\/wp-json\/wp\/v2\/product_brand?post=3689211"},{"taxonomy":"product_cat","embeddable":true,"href":"https:\/\/stoic-curie.212-227-153-4.plesk.page\/hr\/wp-json\/wp\/v2\/product_cat?post=3689211"},{"taxonomy":"product_tag","embeddable":true,"href":"https:\/\/stoic-curie.212-227-153-4.plesk.page\/hr\/wp-json\/wp\/v2\/product_tag?post=3689211"}],"curies":[{"name":"wp","href":"https:\/\/api.w.org\/{rel}","templated":true}]}}