{"id":3689225,"date":"2025-10-13T13:37:24","date_gmt":"2025-10-13T17:37:24","guid":{"rendered":"https:\/\/stoic-curie.212-227-153-4.plesk.page\/product\/led-navigacijska-svjetiljka-od-nehrdajuceg-celika-bijela-135-82-mm\/"},"modified":"2026-02-25T00:00:52","modified_gmt":"2026-02-25T00:00:52","slug":"led-navigacijska-svjetiljka-od-nehrdajuceg-celika-bijela-135-82-mm","status":"publish","type":"product","link":"https:\/\/stoic-curie.212-227-153-4.plesk.page\/hr\/product\/led-navigacijska-svjetiljka-od-nehrdajuceg-celika-bijela-135-82-mm\/","title":{"rendered":"LED navigacijska svjetiljka od nehr\u0111aju\u0107eg \u010delika, bijela, 135 \u00b0 82 mm"},"content":{"rendered":"<p>LED navigacijska svjetiljka od nehr\u0111aju\u0107eg \u010delika, bijela, 135 \u00b0 82 mm &#8211; <\/p>\n<p>Ku\u0107i\u0161te od nehr\u0111aju\u0107eg \u010delika sa stra\u017enjim LED navigacijskim svjetlom. IP67 nepropusno za vodu.<\/p>\n","protected":false},"excerpt":{"rendered":"<p>LED navigacijska svjetiljka od nehr\u0111aju\u0107eg \u010delika, bijela, 135 \u00b0 82 mm &#8211; Ku\u0107i\u0161te od nehr\u0111aju\u0107eg \u010delika sa stra\u017enjim LED navigacijskim<\/p>\n","protected":false},"featured_media":5941294,"comment_status":"closed","ping_status":"closed","template":"","meta":[],"product_brand":[3491],"product_cat":[1736],"product_tag":[],"class_list":{"0":"post-3689225","1":"product","2":"type-product","3":"status-publish","4":"has-post-thumbnail","6":"product_brand-trem-hr","7":"product_cat-led-navigacijska-svjetla","9":"first","10":"instock","11":"shipping-taxable","12":"purchasable","13":"product-type-simple"},"_links":{"self":[{"href":"https:\/\/stoic-curie.212-227-153-4.plesk.page\/hr\/wp-json\/wp\/v2\/product\/3689225","targetHints":{"allow":["GET"]}}],"collection":[{"href":"https:\/\/stoic-curie.212-227-153-4.plesk.page\/hr\/wp-json\/wp\/v2\/product"}],"about":[{"href":"https:\/\/stoic-curie.212-227-153-4.plesk.page\/hr\/wp-json\/wp\/v2\/types\/product"}],"replies":[{"embeddable":true,"href":"https:\/\/stoic-curie.212-227-153-4.plesk.page\/hr\/wp-json\/wp\/v2\/comments?post=3689225"}],"version-history":[{"count":0,"href":"https:\/\/stoic-curie.212-227-153-4.plesk.page\/hr\/wp-json\/wp\/v2\/product\/3689225\/revisions"}],"wp:featuredmedia":[{"embeddable":true,"href":"https:\/\/stoic-curie.212-227-153-4.plesk.page\/hr\/wp-json\/wp\/v2\/media\/5941294"}],"wp:attachment":[{"href":"https:\/\/stoic-curie.212-227-153-4.plesk.page\/hr\/wp-json\/wp\/v2\/media?parent=3689225"}],"wp:term":[{"taxonomy":"product_brand","embeddable":true,"href":"https:\/\/stoic-curie.212-227-153-4.plesk.page\/hr\/wp-json\/wp\/v2\/product_brand?post=3689225"},{"taxonomy":"product_cat","embeddable":true,"href":"https:\/\/stoic-curie.212-227-153-4.plesk.page\/hr\/wp-json\/wp\/v2\/product_cat?post=3689225"},{"taxonomy":"product_tag","embeddable":true,"href":"https:\/\/stoic-curie.212-227-153-4.plesk.page\/hr\/wp-json\/wp\/v2\/product_tag?post=3689225"}],"curies":[{"name":"wp","href":"https:\/\/api.w.org\/{rel}","templated":true}]}}