{"id":3689239,"date":"2025-10-13T13:37:27","date_gmt":"2025-10-13T17:37:27","guid":{"rendered":"https:\/\/stoic-curie.212-227-153-4.plesk.page\/product\/mcgard-protuprovalni-sustav-za-honda-johnson-mercury-suzuki-yamaha-tohatsu\/"},"modified":"2026-02-25T00:00:52","modified_gmt":"2026-02-25T00:00:52","slug":"mcgard-protuprovalni-sustav-za-honda-johnson-mercury-suzuki-yamaha-tohatsu","status":"publish","type":"product","link":"https:\/\/stoic-curie.212-227-153-4.plesk.page\/hr\/product\/mcgard-protuprovalni-sustav-za-honda-johnson-mercury-suzuki-yamaha-tohatsu\/","title":{"rendered":"McGard protuprovalni sustav za Honda-Johnson-Mercury-Suzuki-Yamaha-Tohatsu"},"content":{"rendered":"<p>McGard protuprovalni sustav za Honda-Johnson-Mercury-Suzuki-Yamaha-Tohatsu &#8211; <\/p>\n<p>Izuzetno otporan, jednostavan za kori\u0161tenje i siguran sustav za\u0161tite od kra\u0111e za izvanbrodske motore, stern drive ili propeler. Jednostavno zamijenite jednu od matica za monta\u017eu s McGard bravom\/maticom. Slobodno rotiraju\u0107a kape se slobodno okre\u0107e i onemogu\u0107ava rasklop. Samo s McGard klju\u010dem uklju\u010denim u paket mogu\u0107e je odvrnuti ure\u0111aj za za\u0161titu od kra\u0111e.<\/p>\n","protected":false},"excerpt":{"rendered":"<p>McGard protuprovalni sustav za Honda-Johnson-Mercury-Suzuki-Yamaha-Tohatsu &#8211; Izuzetno otporan, jednostavan za kori\u0161tenje i siguran sustav za\u0161tite od kra\u0111e za izvanbrodske motore,<\/p>\n","protected":false},"featured_media":5941340,"comment_status":"closed","ping_status":"closed","template":"","meta":[],"product_brand":[3151],"product_cat":[1827],"product_tag":[],"class_list":{"0":"post-3689239","1":"product","2":"type-product","3":"status-publish","4":"has-post-thumbnail","6":"product_brand-mcgard-marine-hr","7":"product_cat-dodatna-oprema-za-vanbrodske-motore","9":"first","10":"instock","11":"shipping-taxable","12":"purchasable","13":"product-type-simple"},"_links":{"self":[{"href":"https:\/\/stoic-curie.212-227-153-4.plesk.page\/hr\/wp-json\/wp\/v2\/product\/3689239","targetHints":{"allow":["GET"]}}],"collection":[{"href":"https:\/\/stoic-curie.212-227-153-4.plesk.page\/hr\/wp-json\/wp\/v2\/product"}],"about":[{"href":"https:\/\/stoic-curie.212-227-153-4.plesk.page\/hr\/wp-json\/wp\/v2\/types\/product"}],"replies":[{"embeddable":true,"href":"https:\/\/stoic-curie.212-227-153-4.plesk.page\/hr\/wp-json\/wp\/v2\/comments?post=3689239"}],"version-history":[{"count":0,"href":"https:\/\/stoic-curie.212-227-153-4.plesk.page\/hr\/wp-json\/wp\/v2\/product\/3689239\/revisions"}],"wp:featuredmedia":[{"embeddable":true,"href":"https:\/\/stoic-curie.212-227-153-4.plesk.page\/hr\/wp-json\/wp\/v2\/media\/5941340"}],"wp:attachment":[{"href":"https:\/\/stoic-curie.212-227-153-4.plesk.page\/hr\/wp-json\/wp\/v2\/media?parent=3689239"}],"wp:term":[{"taxonomy":"product_brand","embeddable":true,"href":"https:\/\/stoic-curie.212-227-153-4.plesk.page\/hr\/wp-json\/wp\/v2\/product_brand?post=3689239"},{"taxonomy":"product_cat","embeddable":true,"href":"https:\/\/stoic-curie.212-227-153-4.plesk.page\/hr\/wp-json\/wp\/v2\/product_cat?post=3689239"},{"taxonomy":"product_tag","embeddable":true,"href":"https:\/\/stoic-curie.212-227-153-4.plesk.page\/hr\/wp-json\/wp\/v2\/product_tag?post=3689239"}],"curies":[{"name":"wp","href":"https:\/\/api.w.org\/{rel}","templated":true}]}}