{"id":3689256,"date":"2025-10-13T13:37:31","date_gmt":"2025-10-13T17:37:31","guid":{"rendered":"https:\/\/stoic-curie.212-227-153-4.plesk.page\/product\/sportski-prsluk-za-spasavanje-55n-40-70-kg\/"},"modified":"2026-02-25T00:00:52","modified_gmt":"2026-02-25T00:00:52","slug":"sportski-prsluk-za-spasavanje-55n-40-70-kg","status":"publish","type":"product","link":"https:\/\/stoic-curie.212-227-153-4.plesk.page\/hr\/product\/sportski-prsluk-za-spasavanje-55n-40-70-kg\/","title":{"rendered":"Sportski prsluk za spa\u0161avanje 55N 40-70 kg"},"content":{"rendered":"<p>Sportski prsluk za spa\u0161avanje 55N 40-70 kg &#8211; <\/p>\n<p>Wind 50N pomo\u0107ni prsluk odobren po ISO EN12402-5 za male jedrilice i kanue. Savr\u0161eno za \u0161kole jedrenja. Tkanina otporna na habanje. Sustav pode\u0161avanja koji se sastoji od kop\u010di za brzo otpu\u0161tanje i remena za struk. 50N &#8211; pomo\u0107 za plovnost i plivanje. Ovo nije prsluk za spa\u0161avanje. Za redovite pliva\u010de. Koristiti samo blizu obale.<\/p>\n","protected":false},"excerpt":{"rendered":"<p>Sportski prsluk za spa\u0161avanje 55N 40-70 kg &#8211; Wind 50N pomo\u0107ni prsluk odobren po ISO EN12402-5 za male jedrilice i<\/p>\n","protected":false},"featured_media":5941380,"comment_status":"closed","ping_status":"closed","template":"","meta":[],"product_brand":[3516],"product_cat":[1842,1603],"product_tag":[],"class_list":{"0":"post-3689256","1":"product","2":"type-product","3":"status-publish","4":"has-post-thumbnail","6":"product_brand-veleria-san-giorgio-hr","7":"product_cat-prsluci-za-spasavanje-za-sportove-na-vodi","8":"product_cat-uzgonska-pomagala","10":"first","11":"instock","12":"shipping-taxable","13":"purchasable","14":"product-type-simple"},"_links":{"self":[{"href":"https:\/\/stoic-curie.212-227-153-4.plesk.page\/hr\/wp-json\/wp\/v2\/product\/3689256","targetHints":{"allow":["GET"]}}],"collection":[{"href":"https:\/\/stoic-curie.212-227-153-4.plesk.page\/hr\/wp-json\/wp\/v2\/product"}],"about":[{"href":"https:\/\/stoic-curie.212-227-153-4.plesk.page\/hr\/wp-json\/wp\/v2\/types\/product"}],"replies":[{"embeddable":true,"href":"https:\/\/stoic-curie.212-227-153-4.plesk.page\/hr\/wp-json\/wp\/v2\/comments?post=3689256"}],"version-history":[{"count":0,"href":"https:\/\/stoic-curie.212-227-153-4.plesk.page\/hr\/wp-json\/wp\/v2\/product\/3689256\/revisions"}],"wp:featuredmedia":[{"embeddable":true,"href":"https:\/\/stoic-curie.212-227-153-4.plesk.page\/hr\/wp-json\/wp\/v2\/media\/5941380"}],"wp:attachment":[{"href":"https:\/\/stoic-curie.212-227-153-4.plesk.page\/hr\/wp-json\/wp\/v2\/media?parent=3689256"}],"wp:term":[{"taxonomy":"product_brand","embeddable":true,"href":"https:\/\/stoic-curie.212-227-153-4.plesk.page\/hr\/wp-json\/wp\/v2\/product_brand?post=3689256"},{"taxonomy":"product_cat","embeddable":true,"href":"https:\/\/stoic-curie.212-227-153-4.plesk.page\/hr\/wp-json\/wp\/v2\/product_cat?post=3689256"},{"taxonomy":"product_tag","embeddable":true,"href":"https:\/\/stoic-curie.212-227-153-4.plesk.page\/hr\/wp-json\/wp\/v2\/product_tag?post=3689256"}],"curies":[{"name":"wp","href":"https:\/\/api.w.org\/{rel}","templated":true}]}}