{"id":3689259,"date":"2025-10-13T13:37:32","date_gmt":"2025-10-13T17:37:32","guid":{"rendered":"https:\/\/stoic-curie.212-227-153-4.plesk.page\/product\/ronilacki-noz-sub12-crni-12-cm\/"},"modified":"2026-02-25T00:00:52","modified_gmt":"2026-02-25T00:00:52","slug":"ronilacki-noz-sub12-crni-12-cm","status":"publish","type":"product","link":"https:\/\/stoic-curie.212-227-153-4.plesk.page\/hr\/product\/ronilacki-noz-sub12-crni-12-cm\/","title":{"rendered":"Ronilacki no\u017e Sub12, Crni 12 cm"},"content":{"rendered":"<p>Ronilacki no\u017e Sub12, Crni 12 cm &#8211; <\/p>\n<p>No\u017e za ronjenje s reza\u010dem u\u017eeta i otvara\u010dem za kop\u010de. Uklju\u010duje futrolu i pojas. O\u0161trica od nehr\u0111aju\u0107eg \u010delika W1.4116. O\u0161trica se treba isprati slatkom vodom i podmazati nakon upotrebe.<\/p>\n","protected":false},"excerpt":{"rendered":"<p>Ronilacki no\u017e Sub12, Crni 12 cm &#8211; No\u017e za ronjenje s reza\u010dem u\u017eeta i otvara\u010dem za kop\u010de. Uklju\u010duje futrolu i<\/p>\n","protected":false},"featured_media":5941383,"comment_status":"closed","ping_status":"closed","template":"","meta":[],"product_brand":[3081],"product_cat":[1856,1844],"product_tag":[],"class_list":{"0":"post-3689259","1":"product","2":"type-product","3":"status-publish","4":"has-post-thumbnail","6":"product_brand-macs-hr","7":"product_cat-jedrilicarski-nozevi-i-alati","8":"product_cat-oprema-za-ronjenje","10":"first","11":"instock","12":"shipping-taxable","13":"purchasable","14":"product-type-simple"},"_links":{"self":[{"href":"https:\/\/stoic-curie.212-227-153-4.plesk.page\/hr\/wp-json\/wp\/v2\/product\/3689259","targetHints":{"allow":["GET"]}}],"collection":[{"href":"https:\/\/stoic-curie.212-227-153-4.plesk.page\/hr\/wp-json\/wp\/v2\/product"}],"about":[{"href":"https:\/\/stoic-curie.212-227-153-4.plesk.page\/hr\/wp-json\/wp\/v2\/types\/product"}],"replies":[{"embeddable":true,"href":"https:\/\/stoic-curie.212-227-153-4.plesk.page\/hr\/wp-json\/wp\/v2\/comments?post=3689259"}],"version-history":[{"count":0,"href":"https:\/\/stoic-curie.212-227-153-4.plesk.page\/hr\/wp-json\/wp\/v2\/product\/3689259\/revisions"}],"wp:featuredmedia":[{"embeddable":true,"href":"https:\/\/stoic-curie.212-227-153-4.plesk.page\/hr\/wp-json\/wp\/v2\/media\/5941383"}],"wp:attachment":[{"href":"https:\/\/stoic-curie.212-227-153-4.plesk.page\/hr\/wp-json\/wp\/v2\/media?parent=3689259"}],"wp:term":[{"taxonomy":"product_brand","embeddable":true,"href":"https:\/\/stoic-curie.212-227-153-4.plesk.page\/hr\/wp-json\/wp\/v2\/product_brand?post=3689259"},{"taxonomy":"product_cat","embeddable":true,"href":"https:\/\/stoic-curie.212-227-153-4.plesk.page\/hr\/wp-json\/wp\/v2\/product_cat?post=3689259"},{"taxonomy":"product_tag","embeddable":true,"href":"https:\/\/stoic-curie.212-227-153-4.plesk.page\/hr\/wp-json\/wp\/v2\/product_tag?post=3689259"}],"curies":[{"name":"wp","href":"https:\/\/api.w.org\/{rel}","templated":true}]}}