{"id":3689261,"date":"2025-10-13T13:37:32","date_gmt":"2025-10-13T17:37:32","guid":{"rendered":"https:\/\/stoic-curie.212-227-153-4.plesk.page\/product\/zuti-plutajuci-noz\/"},"modified":"2026-02-25T00:00:52","modified_gmt":"2026-02-25T00:00:52","slug":"zuti-plutajuci-noz","status":"publish","type":"product","link":"https:\/\/stoic-curie.212-227-153-4.plesk.page\/hr\/product\/zuti-plutajuci-noz\/","title":{"rendered":"\u017duti plutaju\u0107i no\u017e"},"content":{"rendered":"<p>\u017duti plutaju\u0107i no\u017e &#8211; <\/p>\n<p>Plutaju\u0107i no\u017e s preklopnim o\u0161tricom. PP dr\u0161ka, o\u0161trica od ner\u0111aju\u0107eg \u010delika W1.4028.<\/p>\n","protected":false},"excerpt":{"rendered":"<p>\u017duti plutaju\u0107i no\u017e &#8211; Plutaju\u0107i no\u017e s preklopnim o\u0161tricom. PP dr\u0161ka, o\u0161trica od ner\u0111aju\u0107eg \u010delika W1.4028.<\/p>\n","protected":false},"featured_media":5941391,"comment_status":"closed","ping_status":"closed","template":"","meta":[],"product_brand":[3081],"product_cat":[1856,1843],"product_tag":[],"class_list":{"0":"post-3689261","1":"product","2":"type-product","3":"status-publish","4":"has-post-thumbnail","6":"product_brand-macs-hr","7":"product_cat-jedrilicarski-nozevi-i-alati","8":"product_cat-oprema-za-ribolov-na-brodu","10":"first","11":"instock","12":"shipping-taxable","13":"purchasable","14":"product-type-simple"},"_links":{"self":[{"href":"https:\/\/stoic-curie.212-227-153-4.plesk.page\/hr\/wp-json\/wp\/v2\/product\/3689261","targetHints":{"allow":["GET"]}}],"collection":[{"href":"https:\/\/stoic-curie.212-227-153-4.plesk.page\/hr\/wp-json\/wp\/v2\/product"}],"about":[{"href":"https:\/\/stoic-curie.212-227-153-4.plesk.page\/hr\/wp-json\/wp\/v2\/types\/product"}],"replies":[{"embeddable":true,"href":"https:\/\/stoic-curie.212-227-153-4.plesk.page\/hr\/wp-json\/wp\/v2\/comments?post=3689261"}],"version-history":[{"count":0,"href":"https:\/\/stoic-curie.212-227-153-4.plesk.page\/hr\/wp-json\/wp\/v2\/product\/3689261\/revisions"}],"wp:featuredmedia":[{"embeddable":true,"href":"https:\/\/stoic-curie.212-227-153-4.plesk.page\/hr\/wp-json\/wp\/v2\/media\/5941391"}],"wp:attachment":[{"href":"https:\/\/stoic-curie.212-227-153-4.plesk.page\/hr\/wp-json\/wp\/v2\/media?parent=3689261"}],"wp:term":[{"taxonomy":"product_brand","embeddable":true,"href":"https:\/\/stoic-curie.212-227-153-4.plesk.page\/hr\/wp-json\/wp\/v2\/product_brand?post=3689261"},{"taxonomy":"product_cat","embeddable":true,"href":"https:\/\/stoic-curie.212-227-153-4.plesk.page\/hr\/wp-json\/wp\/v2\/product_cat?post=3689261"},{"taxonomy":"product_tag","embeddable":true,"href":"https:\/\/stoic-curie.212-227-153-4.plesk.page\/hr\/wp-json\/wp\/v2\/product_tag?post=3689261"}],"curies":[{"name":"wp","href":"https:\/\/api.w.org\/{rel}","templated":true}]}}