{"id":3689271,"date":"2025-10-13T13:37:35","date_gmt":"2025-10-13T17:37:35","guid":{"rendered":"https:\/\/stoic-curie.212-227-153-4.plesk.page\/product\/manzeta-mjenjaca-volvo-penta-3841481\/"},"modified":"2026-02-25T00:00:52","modified_gmt":"2026-02-25T00:00:52","slug":"manzeta-mjenjaca-volvo-penta-3841481","status":"publish","type":"product","link":"https:\/\/stoic-curie.212-227-153-4.plesk.page\/hr\/product\/manzeta-mjenjaca-volvo-penta-3841481\/","title":{"rendered":"Man\u017eeta mjenja\u010da Volvo Penta 3841481"},"content":{"rendered":"<p>Man\u017eeta mjenja\u010da Volvo Penta 3841481 &#8211; <\/p>\n<p>Volvo Penta DPS-SX prijenosna membrana. Dolazi s maticama od nehr\u0111aju\u0107eg \u010delika. Mo\u017ee zamijeniti originalni rezervni dio.<\/p>\n","protected":false},"excerpt":{"rendered":"<p>Man\u017eeta mjenja\u010da Volvo Penta 3841481 &#8211; Volvo Penta DPS-SX prijenosna membrana. Dolazi s maticama od nehr\u0111aju\u0107eg \u010delika. Mo\u017ee zamijeniti originalni<\/p>\n","protected":false},"featured_media":5941439,"comment_status":"closed","ping_status":"closed","template":"","meta":[],"product_brand":[3391],"product_cat":[1829],"product_tag":[],"class_list":{"0":"post-3689271","1":"product","2":"type-product","3":"status-publish","4":"has-post-thumbnail","6":"product_brand-sierra-marine-hr","7":"product_cat-rezervni-dijelovi-za-motore-volvo-penta","9":"first","10":"instock","11":"shipping-taxable","12":"purchasable","13":"product-type-simple"},"_links":{"self":[{"href":"https:\/\/stoic-curie.212-227-153-4.plesk.page\/hr\/wp-json\/wp\/v2\/product\/3689271","targetHints":{"allow":["GET"]}}],"collection":[{"href":"https:\/\/stoic-curie.212-227-153-4.plesk.page\/hr\/wp-json\/wp\/v2\/product"}],"about":[{"href":"https:\/\/stoic-curie.212-227-153-4.plesk.page\/hr\/wp-json\/wp\/v2\/types\/product"}],"replies":[{"embeddable":true,"href":"https:\/\/stoic-curie.212-227-153-4.plesk.page\/hr\/wp-json\/wp\/v2\/comments?post=3689271"}],"version-history":[{"count":0,"href":"https:\/\/stoic-curie.212-227-153-4.plesk.page\/hr\/wp-json\/wp\/v2\/product\/3689271\/revisions"}],"wp:featuredmedia":[{"embeddable":true,"href":"https:\/\/stoic-curie.212-227-153-4.plesk.page\/hr\/wp-json\/wp\/v2\/media\/5941439"}],"wp:attachment":[{"href":"https:\/\/stoic-curie.212-227-153-4.plesk.page\/hr\/wp-json\/wp\/v2\/media?parent=3689271"}],"wp:term":[{"taxonomy":"product_brand","embeddable":true,"href":"https:\/\/stoic-curie.212-227-153-4.plesk.page\/hr\/wp-json\/wp\/v2\/product_brand?post=3689271"},{"taxonomy":"product_cat","embeddable":true,"href":"https:\/\/stoic-curie.212-227-153-4.plesk.page\/hr\/wp-json\/wp\/v2\/product_cat?post=3689271"},{"taxonomy":"product_tag","embeddable":true,"href":"https:\/\/stoic-curie.212-227-153-4.plesk.page\/hr\/wp-json\/wp\/v2\/product_tag?post=3689271"}],"curies":[{"name":"wp","href":"https:\/\/api.w.org\/{rel}","templated":true}]}}