{"id":3689341,"date":"2025-10-13T13:37:52","date_gmt":"2025-10-13T17:37:52","guid":{"rendered":"https:\/\/stoic-curie.212-227-153-4.plesk.page\/product\/vosak-za-brod-star-brite-397-g\/"},"modified":"2026-02-25T00:00:52","modified_gmt":"2026-02-25T00:00:52","slug":"vosak-za-brod-star-brite-397-g","status":"publish","type":"product","link":"https:\/\/stoic-curie.212-227-153-4.plesk.page\/hr\/product\/vosak-za-brod-star-brite-397-g\/","title":{"rendered":"Vosak za brod Star Brite 397 g"},"content":{"rendered":"<p>Vosak za brod Star Brite 397 g &#8211; <\/p>\n<p>\u2022 Laka za kori\u0161tenje prethodno omek\u0161ana f\u00f3rmula voska<br \/>\u2022 Pru\u017ea duboki, bogati sjaj<br \/>\u2022 Dugotrajna za\u0161tita od izble\u0111ivanja, pra\u0161kastosti, oksidacije i UV zraka<br \/>\u2022 Mo\u017ee se koristiti na fiberglavu, aluminiju, kromu i obojenim povr\u0161inama<br \/>\u2022 Sjaji i \u0161titi u jednom jednostavnom koraku<br \/>\u2022 Mo\u017ee se nanositi na izravnoj sun\u010devoj svjetlosti<\/p>\n","protected":false},"excerpt":{"rendered":"<p>Vosak za brod Star Brite 397 g &#8211; \u2022 Laka za kori\u0161tenje prethodno omek\u0161ana f\u00f3rmula voska\u2022 Pru\u017ea duboki, bogati sjaj\u2022<\/p>\n","protected":false},"featured_media":5941484,"comment_status":"closed","ping_status":"closed","template":"","meta":[],"product_brand":[3436],"product_cat":[1628,1626],"product_tag":[],"class_list":{"0":"post-3689341","1":"product","2":"type-product","3":"status-publish","4":"has-post-thumbnail","6":"product_brand-starbrite-hr","7":"product_cat-proizvodi-za-ciscenje","8":"product_cat-proizvodi-za-odrzavanje","10":"first","11":"instock","12":"shipping-taxable","13":"purchasable","14":"product-type-simple"},"_links":{"self":[{"href":"https:\/\/stoic-curie.212-227-153-4.plesk.page\/hr\/wp-json\/wp\/v2\/product\/3689341","targetHints":{"allow":["GET"]}}],"collection":[{"href":"https:\/\/stoic-curie.212-227-153-4.plesk.page\/hr\/wp-json\/wp\/v2\/product"}],"about":[{"href":"https:\/\/stoic-curie.212-227-153-4.plesk.page\/hr\/wp-json\/wp\/v2\/types\/product"}],"replies":[{"embeddable":true,"href":"https:\/\/stoic-curie.212-227-153-4.plesk.page\/hr\/wp-json\/wp\/v2\/comments?post=3689341"}],"version-history":[{"count":0,"href":"https:\/\/stoic-curie.212-227-153-4.plesk.page\/hr\/wp-json\/wp\/v2\/product\/3689341\/revisions"}],"wp:featuredmedia":[{"embeddable":true,"href":"https:\/\/stoic-curie.212-227-153-4.plesk.page\/hr\/wp-json\/wp\/v2\/media\/5941484"}],"wp:attachment":[{"href":"https:\/\/stoic-curie.212-227-153-4.plesk.page\/hr\/wp-json\/wp\/v2\/media?parent=3689341"}],"wp:term":[{"taxonomy":"product_brand","embeddable":true,"href":"https:\/\/stoic-curie.212-227-153-4.plesk.page\/hr\/wp-json\/wp\/v2\/product_brand?post=3689341"},{"taxonomy":"product_cat","embeddable":true,"href":"https:\/\/stoic-curie.212-227-153-4.plesk.page\/hr\/wp-json\/wp\/v2\/product_cat?post=3689341"},{"taxonomy":"product_tag","embeddable":true,"href":"https:\/\/stoic-curie.212-227-153-4.plesk.page\/hr\/wp-json\/wp\/v2\/product_tag?post=3689341"}],"curies":[{"name":"wp","href":"https:\/\/api.w.org\/{rel}","templated":true}]}}