{"id":3689347,"date":"2025-10-13T13:37:54","date_gmt":"2025-10-13T17:37:54","guid":{"rendered":"https:\/\/stoic-curie.212-227-153-4.plesk.page\/product\/case-srednje-velicine-crystaline-6kom\/"},"modified":"2026-02-25T00:00:53","modified_gmt":"2026-02-25T00:00:53","slug":"case-srednje-velicine-crystaline-6kom","status":"publish","type":"product","link":"https:\/\/stoic-curie.212-227-153-4.plesk.page\/hr\/product\/case-srednje-velicine-crystaline-6kom\/","title":{"rendered":"\u010ca\u0161e srednje velicine Crystaline, 6kom"},"content":{"rendered":"<p>\u010ca\u0161e srednje velicine Crystaline, 6kom &#8211; <\/p>\n<p>Tibur\u00f3n linija napravljena je od ruku puhanog i ru\u010dno izra\u0111enog bezolovnog Xtreme\u00ae kristalnog stakla, \u0161to ova vina \u010dini posebno otpornim na udarce i padove. \u010ca\u0161e imaju duboku i o\u0161tru pic\u00fbre, koja je dizajnirana kako bi se vidjela prava boja vina, dok \u0161alica poja\u010dava njegovu masu. Osim toga, pojas donjeg dijela \u0161alice omogu\u0107uje vinu da se razvija u gornjem dijelu, dovedu\u0107i oksigenaciju do najvi\u0161ih razina. Nova Italesse \u010da\u0161a od kristalnog stakla temeljenog na Xtreme\u00ae tehnologiji radikalno pobolj\u0161ava svojstva stakla s kemijskog, mehani\u010dkog i opti\u010dkog stajali\u0161ta. Ekstremna svjetlina Velika stabilnost i dr\u017eanje +100% otpornosti na udarce i torziju<\/p>\n","protected":false},"excerpt":{"rendered":"<p>\u010ca\u0161e srednje velicine Crystaline, 6kom &#8211; Tibur\u00f3n linija napravljena je od ruku puhanog i ru\u010dno izra\u0111enog bezolovnog Xtreme\u00ae kristalnog stakla,<\/p>\n","protected":false},"featured_media":5941595,"comment_status":"closed","ping_status":"closed","template":"","meta":[],"product_brand":[3236],"product_cat":[1645],"product_tag":[],"class_list":{"0":"post-3689347","1":"product","2":"type-product","3":"status-publish","4":"has-post-thumbnail","6":"product_brand-osculati-hr","7":"product_cat-brodsko-posude","9":"first","10":"instock","11":"shipping-taxable","12":"purchasable","13":"product-type-simple"},"_links":{"self":[{"href":"https:\/\/stoic-curie.212-227-153-4.plesk.page\/hr\/wp-json\/wp\/v2\/product\/3689347","targetHints":{"allow":["GET"]}}],"collection":[{"href":"https:\/\/stoic-curie.212-227-153-4.plesk.page\/hr\/wp-json\/wp\/v2\/product"}],"about":[{"href":"https:\/\/stoic-curie.212-227-153-4.plesk.page\/hr\/wp-json\/wp\/v2\/types\/product"}],"replies":[{"embeddable":true,"href":"https:\/\/stoic-curie.212-227-153-4.plesk.page\/hr\/wp-json\/wp\/v2\/comments?post=3689347"}],"version-history":[{"count":0,"href":"https:\/\/stoic-curie.212-227-153-4.plesk.page\/hr\/wp-json\/wp\/v2\/product\/3689347\/revisions"}],"wp:featuredmedia":[{"embeddable":true,"href":"https:\/\/stoic-curie.212-227-153-4.plesk.page\/hr\/wp-json\/wp\/v2\/media\/5941595"}],"wp:attachment":[{"href":"https:\/\/stoic-curie.212-227-153-4.plesk.page\/hr\/wp-json\/wp\/v2\/media?parent=3689347"}],"wp:term":[{"taxonomy":"product_brand","embeddable":true,"href":"https:\/\/stoic-curie.212-227-153-4.plesk.page\/hr\/wp-json\/wp\/v2\/product_brand?post=3689347"},{"taxonomy":"product_cat","embeddable":true,"href":"https:\/\/stoic-curie.212-227-153-4.plesk.page\/hr\/wp-json\/wp\/v2\/product_cat?post=3689347"},{"taxonomy":"product_tag","embeddable":true,"href":"https:\/\/stoic-curie.212-227-153-4.plesk.page\/hr\/wp-json\/wp\/v2\/product_tag?post=3689347"}],"curies":[{"name":"wp","href":"https:\/\/api.w.org\/{rel}","templated":true}]}}