{"id":3689348,"date":"2025-10-13T13:37:54","date_gmt":"2025-10-13T17:37:54","guid":{"rendered":"https:\/\/stoic-curie.212-227-153-4.plesk.page\/product\/melaminski-bijeli-tanjur-277mm-2-kom\/"},"modified":"2026-02-25T00:00:53","modified_gmt":"2026-02-25T00:00:53","slug":"melaminski-bijeli-tanjur-277mm-2-kom","status":"publish","type":"product","link":"https:\/\/stoic-curie.212-227-153-4.plesk.page\/hr\/product\/melaminski-bijeli-tanjur-277mm-2-kom\/","title":{"rendered":"Melaminski bijeli tanjur 277mm, 2 kom"},"content":{"rendered":"<p>Melaminski bijeli tanjur 277mm, 2 kom &#8211; <\/p>\n<p>Venti4 Tanjuri za ve\u010deru i juhu Najsve\u010daniji tanjuri izra\u0111eni od satenske melamine s \u010distim i funkcionalnim dizajnom. Temelji se na futuristi\u010dkom obliku diska. Izra\u0111eni od ultra-izdr\u017eljive melamineske smole, opremljeni s dva la\u017ena otiska prstiju koja imaju dvostruku svrhu: prakticno ih je nositi i pru\u017eaju mjesto za pribor za jelo tijekom obroka. Mogu se koristiti za sve vrste toplih jela, od tjestenina do juha, mesa i svje\u017eih salata.<\/p>\n","protected":false},"excerpt":{"rendered":"<p>Melaminski bijeli tanjur 277mm, 2 kom &#8211; Venti4 Tanjuri za ve\u010deru i juhu Najsve\u010daniji tanjuri izra\u0111eni od satenske melamine s<\/p>\n","protected":false},"featured_media":5941602,"comment_status":"closed","ping_status":"closed","template":"","meta":[],"product_brand":[3236],"product_cat":[1645],"product_tag":[],"class_list":{"0":"post-3689348","1":"product","2":"type-product","3":"status-publish","4":"has-post-thumbnail","6":"product_brand-osculati-hr","7":"product_cat-brodsko-posude","9":"first","10":"instock","11":"shipping-taxable","12":"purchasable","13":"product-type-simple"},"_links":{"self":[{"href":"https:\/\/stoic-curie.212-227-153-4.plesk.page\/hr\/wp-json\/wp\/v2\/product\/3689348","targetHints":{"allow":["GET"]}}],"collection":[{"href":"https:\/\/stoic-curie.212-227-153-4.plesk.page\/hr\/wp-json\/wp\/v2\/product"}],"about":[{"href":"https:\/\/stoic-curie.212-227-153-4.plesk.page\/hr\/wp-json\/wp\/v2\/types\/product"}],"replies":[{"embeddable":true,"href":"https:\/\/stoic-curie.212-227-153-4.plesk.page\/hr\/wp-json\/wp\/v2\/comments?post=3689348"}],"version-history":[{"count":0,"href":"https:\/\/stoic-curie.212-227-153-4.plesk.page\/hr\/wp-json\/wp\/v2\/product\/3689348\/revisions"}],"wp:featuredmedia":[{"embeddable":true,"href":"https:\/\/stoic-curie.212-227-153-4.plesk.page\/hr\/wp-json\/wp\/v2\/media\/5941602"}],"wp:attachment":[{"href":"https:\/\/stoic-curie.212-227-153-4.plesk.page\/hr\/wp-json\/wp\/v2\/media?parent=3689348"}],"wp:term":[{"taxonomy":"product_brand","embeddable":true,"href":"https:\/\/stoic-curie.212-227-153-4.plesk.page\/hr\/wp-json\/wp\/v2\/product_brand?post=3689348"},{"taxonomy":"product_cat","embeddable":true,"href":"https:\/\/stoic-curie.212-227-153-4.plesk.page\/hr\/wp-json\/wp\/v2\/product_cat?post=3689348"},{"taxonomy":"product_tag","embeddable":true,"href":"https:\/\/stoic-curie.212-227-153-4.plesk.page\/hr\/wp-json\/wp\/v2\/product_tag?post=3689348"}],"curies":[{"name":"wp","href":"https:\/\/api.w.org\/{rel}","templated":true}]}}