{"id":3689352,"date":"2025-10-13T13:37:55","date_gmt":"2025-10-13T17:37:55","guid":{"rendered":"https:\/\/stoic-curie.212-227-153-4.plesk.page\/product\/dura-float-okrugla-signalna-plutaca-zuta-200x200mm\/"},"modified":"2026-02-25T00:00:53","modified_gmt":"2026-02-25T00:00:53","slug":"dura-float-okrugla-signalna-plutaca-zuta-200x200mm","status":"publish","type":"product","link":"https:\/\/stoic-curie.212-227-153-4.plesk.page\/hr\/product\/dura-float-okrugla-signalna-plutaca-zuta-200x200mm\/","title":{"rendered":"Dura Float okrugla signalna pluta\u010da, \u017euta 200x200mm"},"content":{"rendered":"<p>Dura Float okrugla signalna pluta\u010da, \u017euta 200x200mm &#8211; <\/p>\n<p>Oja\u010dana plasti\u010dna signalna boja ispunjena pjenom s zatvorenim \u0107elijama. Vrlo \u010dvrsta, gotovo neuni\u0161tiva i nesinkava. Promjer rupe 35 mm.<\/p>\n","protected":false},"excerpt":{"rendered":"<p>Dura Float okrugla signalna pluta\u010da, \u017euta 200x200mm &#8211; Oja\u010dana plasti\u010dna signalna boja ispunjena pjenom s zatvorenim \u0107elijama. Vrlo \u010dvrsta, gotovo<\/p>\n","protected":false},"featured_media":5941634,"comment_status":"closed","ping_status":"closed","template":"","meta":[],"product_brand":[2856],"product_cat":[1850],"product_tag":[],"class_list":{"0":"post-3689352","1":"product","2":"type-product","3":"status-publish","4":"has-post-thumbnail","6":"product_brand-can-marine-hr","7":"product_cat-plutace-za-privez-i-signalizaciju","9":"first","10":"instock","11":"shipping-taxable","12":"purchasable","13":"product-type-simple"},"_links":{"self":[{"href":"https:\/\/stoic-curie.212-227-153-4.plesk.page\/hr\/wp-json\/wp\/v2\/product\/3689352","targetHints":{"allow":["GET"]}}],"collection":[{"href":"https:\/\/stoic-curie.212-227-153-4.plesk.page\/hr\/wp-json\/wp\/v2\/product"}],"about":[{"href":"https:\/\/stoic-curie.212-227-153-4.plesk.page\/hr\/wp-json\/wp\/v2\/types\/product"}],"replies":[{"embeddable":true,"href":"https:\/\/stoic-curie.212-227-153-4.plesk.page\/hr\/wp-json\/wp\/v2\/comments?post=3689352"}],"version-history":[{"count":0,"href":"https:\/\/stoic-curie.212-227-153-4.plesk.page\/hr\/wp-json\/wp\/v2\/product\/3689352\/revisions"}],"wp:featuredmedia":[{"embeddable":true,"href":"https:\/\/stoic-curie.212-227-153-4.plesk.page\/hr\/wp-json\/wp\/v2\/media\/5941634"}],"wp:attachment":[{"href":"https:\/\/stoic-curie.212-227-153-4.plesk.page\/hr\/wp-json\/wp\/v2\/media?parent=3689352"}],"wp:term":[{"taxonomy":"product_brand","embeddable":true,"href":"https:\/\/stoic-curie.212-227-153-4.plesk.page\/hr\/wp-json\/wp\/v2\/product_brand?post=3689352"},{"taxonomy":"product_cat","embeddable":true,"href":"https:\/\/stoic-curie.212-227-153-4.plesk.page\/hr\/wp-json\/wp\/v2\/product_cat?post=3689352"},{"taxonomy":"product_tag","embeddable":true,"href":"https:\/\/stoic-curie.212-227-153-4.plesk.page\/hr\/wp-json\/wp\/v2\/product_tag?post=3689352"}],"curies":[{"name":"wp","href":"https:\/\/api.w.org\/{rel}","templated":true}]}}