{"id":3689353,"date":"2025-10-13T13:37:55","date_gmt":"2025-10-13T17:37:55","guid":{"rendered":"https:\/\/stoic-curie.212-227-153-4.plesk.page\/product\/vertikalni-pramcani-stitnik-plave-boje-60x15-cm\/"},"modified":"2026-02-25T00:00:53","modified_gmt":"2026-02-25T00:00:53","slug":"vertikalni-pramcani-stitnik-plave-boje-60x15-cm","status":"publish","type":"product","link":"https:\/\/stoic-curie.212-227-153-4.plesk.page\/hr\/product\/vertikalni-pramcani-stitnik-plave-boje-60x15-cm\/","title":{"rendered":"Vertikalni pram\u010dani \u0161titnik plave boje 60&#215;15 cm"},"content":{"rendered":"<p>Vertikalni pram\u010dani \u0161titnik plave boje 60&#215;15 cm &#8211; <\/p>\n<p>Za\u0161titna fender za pramac jedrilica prilikom podizanja sidra ili prilikom pristajanja pramca. \u010cvrsto PVC tijelo za optimalno ubla\u017eavanje udaraca (ne mo\u017ee se ispuhati, ne sadr\u017ei zrak). \u010cetiri u\u0161ice za sigurno pri\u010dvr\u0161\u0107ivanje na pramac.<\/p>\n","protected":false},"excerpt":{"rendered":"<p>Vertikalni pram\u010dani \u0161titnik plave boje 60&#215;15 cm &#8211; Za\u0161titna fender za pramac jedrilica prilikom podizanja sidra ili prilikom pristajanja pramca.<\/p>\n","protected":false},"featured_media":5941641,"comment_status":"closed","ping_status":"closed","template":"","meta":[],"product_brand":[3091],"product_cat":[1849,1848],"product_tag":[],"class_list":{"0":"post-3689353","1":"product","2":"type-product","3":"status-publish","4":"has-post-thumbnail","6":"product_brand-majoni-hr","7":"product_cat-bokobrani-za-dokove","8":"product_cat-brodski-bokobrani","10":"first","11":"instock","12":"shipping-taxable","13":"purchasable","14":"product-type-simple"},"_links":{"self":[{"href":"https:\/\/stoic-curie.212-227-153-4.plesk.page\/hr\/wp-json\/wp\/v2\/product\/3689353","targetHints":{"allow":["GET"]}}],"collection":[{"href":"https:\/\/stoic-curie.212-227-153-4.plesk.page\/hr\/wp-json\/wp\/v2\/product"}],"about":[{"href":"https:\/\/stoic-curie.212-227-153-4.plesk.page\/hr\/wp-json\/wp\/v2\/types\/product"}],"replies":[{"embeddable":true,"href":"https:\/\/stoic-curie.212-227-153-4.plesk.page\/hr\/wp-json\/wp\/v2\/comments?post=3689353"}],"version-history":[{"count":0,"href":"https:\/\/stoic-curie.212-227-153-4.plesk.page\/hr\/wp-json\/wp\/v2\/product\/3689353\/revisions"}],"wp:featuredmedia":[{"embeddable":true,"href":"https:\/\/stoic-curie.212-227-153-4.plesk.page\/hr\/wp-json\/wp\/v2\/media\/5941641"}],"wp:attachment":[{"href":"https:\/\/stoic-curie.212-227-153-4.plesk.page\/hr\/wp-json\/wp\/v2\/media?parent=3689353"}],"wp:term":[{"taxonomy":"product_brand","embeddable":true,"href":"https:\/\/stoic-curie.212-227-153-4.plesk.page\/hr\/wp-json\/wp\/v2\/product_brand?post=3689353"},{"taxonomy":"product_cat","embeddable":true,"href":"https:\/\/stoic-curie.212-227-153-4.plesk.page\/hr\/wp-json\/wp\/v2\/product_cat?post=3689353"},{"taxonomy":"product_tag","embeddable":true,"href":"https:\/\/stoic-curie.212-227-153-4.plesk.page\/hr\/wp-json\/wp\/v2\/product_tag?post=3689353"}],"curies":[{"name":"wp","href":"https:\/\/api.w.org\/{rel}","templated":true}]}}