{"id":3689364,"date":"2025-10-13T13:37:59","date_gmt":"2025-10-13T17:37:59","guid":{"rendered":"https:\/\/stoic-curie.212-227-153-4.plesk.page\/product\/loxx-tenax-pricvrscivaci-s-oprugom-zlatni-mesing\/"},"modified":"2026-02-25T00:00:53","modified_gmt":"2026-02-25T00:00:53","slug":"loxx-tenax-pricvrscivaci-s-oprugom-zlatni-mesing","status":"publish","type":"product","link":"https:\/\/stoic-curie.212-227-153-4.plesk.page\/hr\/product\/loxx-tenax-pricvrscivaci-s-oprugom-zlatni-mesing\/","title":{"rendered":"Loxx-Tenax pri\u010dvr\u0161\u0107iva\u010di s oprugom, zlatni mesing"},"content":{"rendered":"<p>Loxx-Tenax pri\u010dvr\u0161\u0107iva\u010di s oprugom, zlatni mesing &#8211; <\/p>\n<p>Izvorne Loxx opruge za podizanje od njema\u010dke vrhunske kvalitete. Tijelo od antiknog mesinga ili pozla\u0107eno, opruga od nehr\u0111aju\u0107eg \u010delika. Pogodno za stari tip \u010damaca i elegantne interijere.<\/p>\n","protected":false},"excerpt":{"rendered":"<p>Loxx-Tenax pri\u010dvr\u0161\u0107iva\u010di s oprugom, zlatni mesing &#8211; Izvorne Loxx opruge za podizanje od njema\u010dke vrhunske kvalitete. Tijelo od antiknog mesinga<\/p>\n","protected":false},"featured_media":5937232,"comment_status":"closed","ping_status":"closed","template":"","meta":[],"product_brand":[3076],"product_cat":[1689,1703],"product_tag":[],"class_list":{"0":"post-3689364","1":"product","2":"type-product","3":"status-publish","4":"has-post-thumbnail","6":"product_brand-loxx-hr","7":"product_cat-bimini-tende","8":"product_cat-hardver-za-navlake-i-bimini","10":"first","11":"instock","12":"shipping-taxable","13":"purchasable","14":"product-type-simple"},"_links":{"self":[{"href":"https:\/\/stoic-curie.212-227-153-4.plesk.page\/hr\/wp-json\/wp\/v2\/product\/3689364","targetHints":{"allow":["GET"]}}],"collection":[{"href":"https:\/\/stoic-curie.212-227-153-4.plesk.page\/hr\/wp-json\/wp\/v2\/product"}],"about":[{"href":"https:\/\/stoic-curie.212-227-153-4.plesk.page\/hr\/wp-json\/wp\/v2\/types\/product"}],"replies":[{"embeddable":true,"href":"https:\/\/stoic-curie.212-227-153-4.plesk.page\/hr\/wp-json\/wp\/v2\/comments?post=3689364"}],"version-history":[{"count":0,"href":"https:\/\/stoic-curie.212-227-153-4.plesk.page\/hr\/wp-json\/wp\/v2\/product\/3689364\/revisions"}],"wp:featuredmedia":[{"embeddable":true,"href":"https:\/\/stoic-curie.212-227-153-4.plesk.page\/hr\/wp-json\/wp\/v2\/media\/5937232"}],"wp:attachment":[{"href":"https:\/\/stoic-curie.212-227-153-4.plesk.page\/hr\/wp-json\/wp\/v2\/media?parent=3689364"}],"wp:term":[{"taxonomy":"product_brand","embeddable":true,"href":"https:\/\/stoic-curie.212-227-153-4.plesk.page\/hr\/wp-json\/wp\/v2\/product_brand?post=3689364"},{"taxonomy":"product_cat","embeddable":true,"href":"https:\/\/stoic-curie.212-227-153-4.plesk.page\/hr\/wp-json\/wp\/v2\/product_cat?post=3689364"},{"taxonomy":"product_tag","embeddable":true,"href":"https:\/\/stoic-curie.212-227-153-4.plesk.page\/hr\/wp-json\/wp\/v2\/product_tag?post=3689364"}],"curies":[{"name":"wp","href":"https:\/\/api.w.org\/{rel}","templated":true}]}}